{"id":13157,"date":"2021-04-19T18:38:03","date_gmt":"2021-04-19T21:38:03","guid":{"rendered":"https:\/\/www.v2btecnologia.com.br\/website\/?page_id=13157"},"modified":"2021-06-23T14:27:39","modified_gmt":"2021-06-23T17:27:39","slug":"comercial","status":"publish","type":"page","link":"https:\/\/www.v2btecnologia.com.br\/website\/modulos\/comercial\/","title":{"rendered":"Comercial"},"content":{"rendered":"<div id=\"dslc-theme-content\"><div id=\"dslc-theme-content-inner\">\t\t<div data-elementor-type=\"wp-page\" data-elementor-id=\"13157\" class=\"elementor elementor-13157\">\n\t\t\t\t\t\t\t\t\t<section class=\"elementor-section elementor-top-section elementor-element elementor-element-f64e272 elementor-section-content-middle elementor-section-boxed elementor-section-height-default elementor-section-height-default\" data-id=\"f64e272\" data-element_type=\"section\" data-settings=\"{&quot;background_background&quot;:&quot;classic&quot;}\">\n\t\t\t\t\t\t\t<div class=\"elementor-background-overlay\"><\/div>\n\t\t\t\t\t\t\t<div class=\"elementor-container elementor-column-gap-no\">\n\t\t\t\t\t<div class=\"elementor-column elementor-col-100 elementor-top-column elementor-element elementor-element-fc33e9d\" data-id=\"fc33e9d\" data-element_type=\"column\">\n\t\t\t<div class=\"elementor-widget-wrap elementor-element-populated\">\n\t\t\t\t\t\t\t\t<div class=\"elementor-element elementor-element-0277a21 elementor-widget elementor-widget-heading\" data-id=\"0277a21\" data-element_type=\"widget\" data-widget_type=\"heading.default\">\n\t\t\t\t<div class=\"elementor-widget-container\">\n\t\t\t<h4 class=\"elementor-heading-title elementor-size-default\">V2B<\/h4>\t\t<\/div>\n\t\t\t\t<\/div>\n\t\t\t\t<div class=\"elementor-element elementor-element-66c4eb3 elementor-widget elementor-widget-heading\" data-id=\"66c4eb3\" data-element_type=\"widget\" data-widget_type=\"heading.default\">\n\t\t\t\t<div class=\"elementor-widget-container\">\n\t\t\t<h1 class=\"elementor-heading-title elementor-size-default\">Comercial<\/h1>\t\t<\/div>\n\t\t\t\t<\/div>\n\t\t\t\t<div class=\"elementor-element elementor-element-5812487 elementor-widget-divider--view-line elementor-widget elementor-widget-divider\" data-id=\"5812487\" data-element_type=\"widget\" data-widget_type=\"divider.default\">\n\t\t\t\t<div class=\"elementor-widget-container\">\n\t\t\t\t\t<div class=\"elementor-divider\">\n\t\t\t<span class=\"elementor-divider-separator\">\n\t\t\t\t\t\t<\/span>\n\t\t<\/div>\n\t\t\t\t<\/div>\n\t\t\t\t<\/div>\n\t\t\t\t<div class=\"elementor-element elementor-element-615e54b elementor-widget elementor-widget-text-editor\" data-id=\"615e54b\" data-element_type=\"widget\" data-widget_type=\"text-editor.default\">\n\t\t\t\t<div class=\"elementor-widget-container\">\n\t\t\t\t\t\t\t<p>M\u00f3dulo de gest\u00e3o comercial<\/p>\t\t\t\t\t\t<\/div>\n\t\t\t\t<\/div>\n\t\t\t\t\t<\/div>\n\t\t<\/div>\n\t\t\t\t\t\t\t<\/div>\n\t\t<\/section>\n\t\t\t\t<section class=\"elementor-section elementor-top-section elementor-element elementor-element-906cf30 elementor-section-content-middle elementor-section-boxed elementor-section-height-default elementor-section-height-default\" data-id=\"906cf30\" data-element_type=\"section\">\n\t\t\t\t\t\t<div class=\"elementor-container elementor-column-gap-wide\">\n\t\t\t\t\t<div class=\"elementor-column elementor-col-50 elementor-top-column elementor-element elementor-element-487506a\" data-id=\"487506a\" data-element_type=\"column\">\n\t\t\t<div class=\"elementor-widget-wrap elementor-element-populated\">\n\t\t\t\t\t\t\t\t<div class=\"elementor-element elementor-element-5b1f76f elementor-widget elementor-widget-heading\" data-id=\"5b1f76f\" data-element_type=\"widget\" data-widget_type=\"heading.default\">\n\t\t\t\t<div class=\"elementor-widget-container\">\n\t\t\t<h2 class=\"elementor-heading-title elementor-size-default\">Gest\u00e3o completa de carteira de clientes e estrat\u00e9gia de neg\u00f3cios\n\n<\/h2>\t\t<\/div>\n\t\t\t\t<\/div>\n\t\t\t\t<div class=\"elementor-element elementor-element-1336304 elementor-widget-divider--view-line elementor-widget elementor-widget-divider\" data-id=\"1336304\" data-element_type=\"widget\" data-widget_type=\"divider.default\">\n\t\t\t\t<div class=\"elementor-widget-container\">\n\t\t\t\t\t<div class=\"elementor-divider\">\n\t\t\t<span class=\"elementor-divider-separator\">\n\t\t\t\t\t\t<\/span>\n\t\t<\/div>\n\t\t\t\t<\/div>\n\t\t\t\t<\/div>\n\t\t\t\t<div class=\"elementor-element elementor-element-441590a elementor-widget elementor-widget-text-editor\" data-id=\"441590a\" data-element_type=\"widget\" data-widget_type=\"text-editor.default\">\n\t\t\t\t<div class=\"elementor-widget-container\">\n\t\t\t\t\t\t\t<p>Conhe\u00e7a seus clientes e entenda como eles contribuem para sua receita. O V2B fornece informa\u00e7\u00f5es precisas para municiar sua estrat\u00e9gia de vendas. Identifique oportunidades, ataque os problemas no in\u00edcio, corrija comportamentos e responda r\u00e1pido \u00e0s mudan\u00e7as no desempenho do seu neg\u00f3cio.<\/p>\t\t\t\t\t\t<\/div>\n\t\t\t\t<\/div>\n\t\t\t\t\t<\/div>\n\t\t<\/div>\n\t\t\t\t<div class=\"elementor-column elementor-col-50 elementor-top-column elementor-element elementor-element-6fa6b24\" data-id=\"6fa6b24\" data-element_type=\"column\">\n\t\t\t<div class=\"elementor-widget-wrap elementor-element-populated\">\n\t\t\t\t\t\t\t\t<div class=\"elementor-element elementor-element-96a12f2 elementor-widget elementor-widget-heading\" data-id=\"96a12f2\" data-element_type=\"widget\" data-widget_type=\"heading.default\">\n\t\t\t\t<div class=\"elementor-widget-container\">\n\t\t\t<h3 class=\"elementor-heading-title elementor-size-default\">An\u00e1lises:\n\n<\/h3>\t\t<\/div>\n\t\t\t\t<\/div>\n\t\t\t\t<div class=\"elementor-element elementor-element-ba5f9b8 elementor-position-left elementor-vertical-align-middle elementor-view-default elementor-mobile-position-top elementor-widget elementor-widget-icon-box\" data-id=\"ba5f9b8\" data-element_type=\"widget\" data-widget_type=\"icon-box.default\">\n\t\t\t\t<div class=\"elementor-widget-container\">\n\t\t\t\t\t<div class=\"elementor-icon-box-wrapper\">\n\t\t\t\t\t\t<div class=\"elementor-icon-box-icon\">\n\t\t\t\t<span class=\"elementor-icon elementor-animation-grow\" >\n\t\t\t\t<i aria-hidden=\"true\" class=\"fas fa-chevron-right\"><\/i>\t\t\t\t<\/span>\n\t\t\t<\/div>\n\t\t\t\t\t\t<div class=\"elementor-icon-box-content\">\n\t\t\t\t<h4 class=\"elementor-icon-box-title\">\n\t\t\t\t\t<span  >\n\t\t\t\t\t\tCurva ABC\t\t\t\t\t<\/span>\n\t\t\t\t<\/h4>\n\t\t\t\t\t\t\t<\/div>\n\t\t<\/div>\n\t\t\t\t<\/div>\n\t\t\t\t<\/div>\n\t\t\t\t<div class=\"elementor-element elementor-element-7018221 elementor-position-left elementor-vertical-align-middle elementor-view-default elementor-mobile-position-top elementor-widget elementor-widget-icon-box\" data-id=\"7018221\" data-element_type=\"widget\" data-widget_type=\"icon-box.default\">\n\t\t\t\t<div class=\"elementor-widget-container\">\n\t\t\t\t\t<div class=\"elementor-icon-box-wrapper\">\n\t\t\t\t\t\t<div class=\"elementor-icon-box-icon\">\n\t\t\t\t<span class=\"elementor-icon elementor-animation-grow\" >\n\t\t\t\t<i aria-hidden=\"true\" class=\"fas fa-chevron-right\"><\/i>\t\t\t\t<\/span>\n\t\t\t<\/div>\n\t\t\t\t\t\t<div class=\"elementor-icon-box-content\">\n\t\t\t\t<h4 class=\"elementor-icon-box-title\">\n\t\t\t\t\t<span  >\n\t\t\t\t\t\tVolume e frequ\u00eancia de vendas\t\t\t\t\t<\/span>\n\t\t\t\t<\/h4>\n\t\t\t\t\t\t\t<\/div>\n\t\t<\/div>\n\t\t\t\t<\/div>\n\t\t\t\t<\/div>\n\t\t\t\t<div class=\"elementor-element elementor-element-22882ac elementor-position-left elementor-vertical-align-middle elementor-view-default elementor-mobile-position-top elementor-widget elementor-widget-icon-box\" data-id=\"22882ac\" data-element_type=\"widget\" data-widget_type=\"icon-box.default\">\n\t\t\t\t<div class=\"elementor-widget-container\">\n\t\t\t\t\t<div class=\"elementor-icon-box-wrapper\">\n\t\t\t\t\t\t<div class=\"elementor-icon-box-icon\">\n\t\t\t\t<span class=\"elementor-icon elementor-animation-grow\" >\n\t\t\t\t<i aria-hidden=\"true\" class=\"fas fa-chevron-right\"><\/i>\t\t\t\t<\/span>\n\t\t\t<\/div>\n\t\t\t\t\t\t<div class=\"elementor-icon-box-content\">\n\t\t\t\t<h4 class=\"elementor-icon-box-title\">\n\t\t\t\t\t<span  >\n\t\t\t\t\t\tEvolu\u00e7\u00e3o de carteira\t\t\t\t\t<\/span>\n\t\t\t\t<\/h4>\n\t\t\t\t\t\t\t<\/div>\n\t\t<\/div>\n\t\t\t\t<\/div>\n\t\t\t\t<\/div>\n\t\t\t\t<div class=\"elementor-element elementor-element-c05e583 elementor-position-left elementor-vertical-align-middle elementor-view-default elementor-mobile-position-top elementor-widget elementor-widget-icon-box\" data-id=\"c05e583\" data-element_type=\"widget\" data-widget_type=\"icon-box.default\">\n\t\t\t\t<div class=\"elementor-widget-container\">\n\t\t\t\t\t<div class=\"elementor-icon-box-wrapper\">\n\t\t\t\t\t\t<div class=\"elementor-icon-box-icon\">\n\t\t\t\t<span class=\"elementor-icon elementor-animation-grow\" >\n\t\t\t\t<i aria-hidden=\"true\" class=\"fas fa-chevron-right\"><\/i>\t\t\t\t<\/span>\n\t\t\t<\/div>\n\t\t\t\t\t\t<div class=\"elementor-icon-box-content\">\n\t\t\t\t<h4 class=\"elementor-icon-box-title\">\n\t\t\t\t\t<span  >\n\t\t\t\t\t\tDesempenho de vendedores e itens\t\t\t\t\t<\/span>\n\t\t\t\t<\/h4>\n\t\t\t\t\t\t\t<\/div>\n\t\t<\/div>\n\t\t\t\t<\/div>\n\t\t\t\t<\/div>\n\t\t\t\t<div class=\"elementor-element elementor-element-4fb911c elementor-position-left elementor-vertical-align-middle elementor-view-default elementor-mobile-position-top elementor-widget elementor-widget-icon-box\" data-id=\"4fb911c\" data-element_type=\"widget\" data-widget_type=\"icon-box.default\">\n\t\t\t\t<div class=\"elementor-widget-container\">\n\t\t\t\t\t<div class=\"elementor-icon-box-wrapper\">\n\t\t\t\t\t\t<div class=\"elementor-icon-box-icon\">\n\t\t\t\t<span class=\"elementor-icon elementor-animation-grow\" >\n\t\t\t\t<i aria-hidden=\"true\" class=\"fas fa-chevron-right\"><\/i>\t\t\t\t<\/span>\n\t\t\t<\/div>\n\t\t\t\t\t\t<div class=\"elementor-icon-box-content\">\n\t\t\t\t<h4 class=\"elementor-icon-box-title\">\n\t\t\t\t\t<span  >\n\t\t\t\t\t\tAlertas de comportamentos \t\t\t\t\t<\/span>\n\t\t\t\t<\/h4>\n\t\t\t\t\t\t\t<\/div>\n\t\t<\/div>\n\t\t\t\t<\/div>\n\t\t\t\t<\/div>\n\t\t\t\t\t<\/div>\n\t\t<\/div>\n\t\t\t\t\t\t\t<\/div>\n\t\t<\/section>\n\t\t\t\t<section class=\"elementor-section elementor-top-section elementor-element elementor-element-c96b14a elementor-section-boxed elementor-section-height-default elementor-section-height-default\" data-id=\"c96b14a\" data-element_type=\"section\" data-settings=\"{&quot;background_background&quot;:&quot;classic&quot;}\">\n\t\t\t\t\t\t<div class=\"elementor-container elementor-column-gap-default\">\n\t\t\t\t\t<div class=\"elementor-column elementor-col-100 elementor-top-column elementor-element elementor-element-370f5b4\" data-id=\"370f5b4\" data-element_type=\"column\">\n\t\t\t<div class=\"elementor-widget-wrap elementor-element-populated\">\n\t\t\t\t\t\t\t\t<div class=\"elementor-element elementor-element-0a4858a animated-fast gallery-spacing-custom elementor-invisible elementor-widget elementor-widget-image-gallery\" data-id=\"0a4858a\" data-element_type=\"widget\" data-settings=\"{&quot;_animation&quot;:&quot;fadeInDown&quot;}\" data-widget_type=\"image-gallery.default\">\n\t\t\t\t<div class=\"elementor-widget-container\">\n\t\t\t\t\t<div class=\"elementor-image-gallery\">\n\t\t\t<div id='gallery-1' class='gallery galleryid-13157 gallery-columns-1 gallery-size-large'><figure class='gallery-item'>\n\t\t\t<div class='gallery-icon landscape'>\n\t\t\t\t<img loading=\"lazy\" decoding=\"async\" width=\"800\" height=\"384\" src=\"https:\/\/www.v2btecnologia.com.br\/website\/wp-content\/uploads\/2021\/04\/com01-1024x492.png\" class=\"attachment-large size-large\" alt=\"\" srcset=\"https:\/\/www.v2btecnologia.com.br\/website\/wp-content\/uploads\/2021\/04\/com01-1024x492.png 1024w, https:\/\/www.v2btecnologia.com.br\/website\/wp-content\/uploads\/2021\/04\/com01-300x144.png 300w, https:\/\/www.v2btecnologia.com.br\/website\/wp-content\/uploads\/2021\/04\/com01-768x369.png 768w, https:\/\/www.v2btecnologia.com.br\/website\/wp-content\/uploads\/2021\/04\/com01.png 1366w\" sizes=\"auto, (max-width: 800px) 100vw, 800px\" \/>\n\t\t\t<\/div><\/figure><figure class='gallery-item'>\n\t\t\t<div class='gallery-icon landscape'>\n\t\t\t\t<img loading=\"lazy\" decoding=\"async\" width=\"800\" height=\"389\" src=\"https:\/\/www.v2btecnologia.com.br\/website\/wp-content\/uploads\/2021\/04\/com02-1024x498.png\" class=\"attachment-large size-large\" alt=\"\" srcset=\"https:\/\/www.v2btecnologia.com.br\/website\/wp-content\/uploads\/2021\/04\/com02-1024x498.png 1024w, https:\/\/www.v2btecnologia.com.br\/website\/wp-content\/uploads\/2021\/04\/com02-300x146.png 300w, https:\/\/www.v2btecnologia.com.br\/website\/wp-content\/uploads\/2021\/04\/com02-768x373.png 768w, https:\/\/www.v2btecnologia.com.br\/website\/wp-content\/uploads\/2021\/04\/com02.png 1366w\" sizes=\"auto, (max-width: 800px) 100vw, 800px\" \/>\n\t\t\t<\/div><\/figure><figure class='gallery-item'>\n\t\t\t<div class='gallery-icon landscape'>\n\t\t\t\t<img loading=\"lazy\" decoding=\"async\" width=\"800\" height=\"384\" src=\"https:\/\/www.v2btecnologia.com.br\/website\/wp-content\/uploads\/2021\/04\/com07-1024x492.png\" class=\"attachment-large size-large\" alt=\"\" srcset=\"https:\/\/www.v2btecnologia.com.br\/website\/wp-content\/uploads\/2021\/04\/com07-1024x492.png 1024w, https:\/\/www.v2btecnologia.com.br\/website\/wp-content\/uploads\/2021\/04\/com07-300x144.png 300w, https:\/\/www.v2btecnologia.com.br\/website\/wp-content\/uploads\/2021\/04\/com07-768x369.png 768w, https:\/\/www.v2btecnologia.com.br\/website\/wp-content\/uploads\/2021\/04\/com07.png 1366w\" sizes=\"auto, (max-width: 800px) 100vw, 800px\" \/>\n\t\t\t<\/div><\/figure><figure class='gallery-item'>\n\t\t\t<div class='gallery-icon landscape'>\n\t\t\t\t<img loading=\"lazy\" decoding=\"async\" width=\"800\" height=\"382\" src=\"https:\/\/www.v2btecnologia.com.br\/website\/wp-content\/uploads\/2021\/04\/com03-1024x489.png\" class=\"attachment-large size-large\" alt=\"\" srcset=\"https:\/\/www.v2btecnologia.com.br\/website\/wp-content\/uploads\/2021\/04\/com03-1024x489.png 1024w, https:\/\/www.v2btecnologia.com.br\/website\/wp-content\/uploads\/2021\/04\/com03-300x143.png 300w, https:\/\/www.v2btecnologia.com.br\/website\/wp-content\/uploads\/2021\/04\/com03-768x367.png 768w, https:\/\/www.v2btecnologia.com.br\/website\/wp-content\/uploads\/2021\/04\/com03.png 1366w\" sizes=\"auto, (max-width: 800px) 100vw, 800px\" \/>\n\t\t\t<\/div><\/figure><figure class='gallery-item'>\n\t\t\t<div class='gallery-icon landscape'>\n\t\t\t\t<img loading=\"lazy\" decoding=\"async\" width=\"800\" height=\"387\" src=\"https:\/\/www.v2btecnologia.com.br\/website\/wp-content\/uploads\/2021\/04\/com04-1024x495.png\" class=\"attachment-large size-large\" alt=\"\" srcset=\"https:\/\/www.v2btecnologia.com.br\/website\/wp-content\/uploads\/2021\/04\/com04-1024x495.png 1024w, https:\/\/www.v2btecnologia.com.br\/website\/wp-content\/uploads\/2021\/04\/com04-300x145.png 300w, https:\/\/www.v2btecnologia.com.br\/website\/wp-content\/uploads\/2021\/04\/com04-768x371.png 768w, https:\/\/www.v2btecnologia.com.br\/website\/wp-content\/uploads\/2021\/04\/com04.png 1366w\" sizes=\"auto, (max-width: 800px) 100vw, 800px\" \/>\n\t\t\t<\/div><\/figure><figure class='gallery-item'>\n\t\t\t<div class='gallery-icon landscape'>\n\t\t\t\t<img loading=\"lazy\" decoding=\"async\" width=\"800\" height=\"384\" src=\"https:\/\/www.v2btecnologia.com.br\/website\/wp-content\/uploads\/2021\/04\/com05-1024x492.png\" class=\"attachment-large size-large\" alt=\"\" srcset=\"https:\/\/www.v2btecnologia.com.br\/website\/wp-content\/uploads\/2021\/04\/com05-1024x492.png 1024w, https:\/\/www.v2btecnologia.com.br\/website\/wp-content\/uploads\/2021\/04\/com05-300x144.png 300w, https:\/\/www.v2btecnologia.com.br\/website\/wp-content\/uploads\/2021\/04\/com05-768x369.png 768w, https:\/\/www.v2btecnologia.com.br\/website\/wp-content\/uploads\/2021\/04\/com05.png 1366w\" sizes=\"auto, (max-width: 800px) 100vw, 800px\" \/>\n\t\t\t<\/div><\/figure><figure class='gallery-item'>\n\t\t\t<div class='gallery-icon landscape'>\n\t\t\t\t<img loading=\"lazy\" decoding=\"async\" width=\"800\" height=\"384\" src=\"https:\/\/www.v2btecnologia.com.br\/website\/wp-content\/uploads\/2021\/04\/com06-1024x492.png\" class=\"attachment-large size-large\" alt=\"\" srcset=\"https:\/\/www.v2btecnologia.com.br\/website\/wp-content\/uploads\/2021\/04\/com06-1024x492.png 1024w, https:\/\/www.v2btecnologia.com.br\/website\/wp-content\/uploads\/2021\/04\/com06-300x144.png 300w, https:\/\/www.v2btecnologia.com.br\/website\/wp-content\/uploads\/2021\/04\/com06-768x369.png 768w, https:\/\/www.v2btecnologia.com.br\/website\/wp-content\/uploads\/2021\/04\/com06.png 1366w\" sizes=\"auto, (max-width: 800px) 100vw, 800px\" \/>\n\t\t\t<\/div><\/figure>\n\t\t<\/div>\n\t\t<\/div>\n\t\t\t\t<\/div>\n\t\t\t\t<\/div>\n\t\t\t\t\t<\/div>\n\t\t<\/div>\n\t\t\t\t\t\t\t<\/div>\n\t\t<\/section>\n\t\t\t\t<section class=\"elementor-section elementor-top-section elementor-element elementor-element-eca8e09 elementor-section-content-top elementor-section-boxed elementor-section-height-default elementor-section-height-default\" data-id=\"eca8e09\" data-element_type=\"section\" data-settings=\"{&quot;background_background&quot;:&quot;classic&quot;}\">\n\t\t\t\t\t\t<div class=\"elementor-container elementor-column-gap-default\">\n\t\t\t\t\t<div class=\"elementor-column elementor-col-33 elementor-top-column elementor-element elementor-element-e9a7337\" data-id=\"e9a7337\" data-element_type=\"column\">\n\t\t\t<div class=\"elementor-widget-wrap elementor-element-populated\">\n\t\t\t\t\t\t\t\t<div class=\"elementor-element elementor-element-5077134 elementor-widget elementor-widget-heading\" data-id=\"5077134\" data-element_type=\"widget\" data-widget_type=\"heading.default\">\n\t\t\t\t<div class=\"elementor-widget-container\">\n\t\t\t<h2 class=\"elementor-heading-title elementor-size-default\">V2B \u00e9 Intelig\u00eancia Ativa para seu neg\u00f3cio<\/h2>\t\t<\/div>\n\t\t\t\t<\/div>\n\t\t\t\t\t<\/div>\n\t\t<\/div>\n\t\t\t\t<div class=\"elementor-column elementor-col-33 elementor-top-column elementor-element elementor-element-291d148\" data-id=\"291d148\" data-element_type=\"column\">\n\t\t\t<div class=\"elementor-widget-wrap elementor-element-populated\">\n\t\t\t\t\t\t\t\t<div class=\"elementor-element elementor-element-a029924 elementor-widget elementor-widget-text-editor\" data-id=\"a029924\" data-element_type=\"widget\" data-widget_type=\"text-editor.default\">\n\t\t\t\t<div class=\"elementor-widget-container\">\n\t\t\t\t\t\t\t<p>A solu\u00e7\u00e3o V2B alia tecnologia e processos de forma integrada para oferecer ao gestor uma tomada de decis\u00e3o na velocidade dos dados<\/p>\t\t\t\t\t\t<\/div>\n\t\t\t\t<\/div>\n\t\t\t\t\t<\/div>\n\t\t<\/div>\n\t\t\t\t<div class=\"elementor-column elementor-col-33 elementor-top-column elementor-element elementor-element-f5281b0\" data-id=\"f5281b0\" data-element_type=\"column\">\n\t\t\t<div class=\"elementor-widget-wrap elementor-element-populated\">\n\t\t\t\t\t\t\t\t<div class=\"elementor-element elementor-element-0a08218 elementor-align-center elementor-widget elementor-widget-button\" data-id=\"0a08218\" data-element_type=\"widget\" data-widget_type=\"button.default\">\n\t\t\t\t<div class=\"elementor-widget-container\">\n\t\t\t\t\t<div class=\"elementor-button-wrapper\">\n\t\t\t<a href=\"http:\/\/v2btecnologia.com.br\/website\/demo\" class=\"elementor-button-link elementor-button elementor-size-sm elementor-animation-grow\" role=\"button\">\n\t\t\t\t\t\t<span class=\"elementor-button-content-wrapper\">\n\t\t\t\t\t\t<span class=\"elementor-button-text\">Solicite um login<\/span>\n\t\t<\/span>\n\t\t\t\t\t<\/a>\n\t\t<\/div>\n\t\t\t\t<\/div>\n\t\t\t\t<\/div>\n\t\t\t\t<div class=\"elementor-element elementor-element-8017b33 elementor-widget elementor-widget-text-editor\" data-id=\"8017b33\" data-element_type=\"widget\" data-widget_type=\"text-editor.default\">\n\t\t\t\t<div class=\"elementor-widget-container\">\n\t\t\t\t\t\t\t<p>Teste o V2B agora<\/p>\t\t\t\t\t\t<\/div>\n\t\t\t\t<\/div>\n\t\t\t\t\t<\/div>\n\t\t<\/div>\n\t\t\t\t\t\t\t<\/div>\n\t\t<\/section>\n\t\t\t\t\t\t\t<\/div>\n\t\t<\/div><\/div>","protected":false},"excerpt":{"rendered":"<p>V2B Comercial M\u00f3dulo de gest\u00e3o comercial Gest\u00e3o completa de carteira de clientes e estrat\u00e9gia de neg\u00f3cios Conhe\u00e7a seus clientes e entenda como eles contribuem para sua receita. O V2B fornece informa\u00e7\u00f5es precisas para municiar sua estrat\u00e9gia de vendas. Identifique oportunidades, ataque os problemas no in\u00edcio, corrija comportamentos e responda r\u00e1pido \u00e0s mudan\u00e7as no desempenho do seu neg\u00f3cio. An\u00e1lises: Curva ABC Volume e frequ\u00eancia de vendas Evolu\u00e7\u00e3o de carteira Desempenho de vendedores e itens Alertas de comportamentos V2B \u00e9 Intelig\u00eancia Ativa para seu neg\u00f3cio A solu\u00e7\u00e3o V2B alia tecnologia e processos de forma integrada para oferecer ao gestor uma tomada de decis\u00e3o na velocidade dos dados Solicite um login Teste o V2B agora<\/p>\n","protected":false},"author":1,"featured_media":12389,"parent":228,"menu_order":0,"comment_status":"closed","ping_status":"closed","template":"elementor_header_footer","meta":{"footnotes":""},"class_list":["post-13157","page","type-page","status-publish","has-post-thumbnail"],"aioseo_notices":[],"_links":{"self":[{"href":"https:\/\/www.v2btecnologia.com.br\/website\/wp-json\/wp\/v2\/pages\/13157","targetHints":{"allow":["GET"]}}],"collection":[{"href":"https:\/\/www.v2btecnologia.com.br\/website\/wp-json\/wp\/v2\/pages"}],"about":[{"href":"https:\/\/www.v2btecnologia.com.br\/website\/wp-json\/wp\/v2\/types\/page"}],"author":[{"embeddable":true,"href":"https:\/\/www.v2btecnologia.com.br\/website\/wp-json\/wp\/v2\/users\/1"}],"replies":[{"embeddable":true,"href":"https:\/\/www.v2btecnologia.com.br\/website\/wp-json\/wp\/v2\/comments?post=13157"}],"version-history":[{"count":25,"href":"https:\/\/www.v2btecnologia.com.br\/website\/wp-json\/wp\/v2\/pages\/13157\/revisions"}],"predecessor-version":[{"id":14948,"href":"https:\/\/www.v2btecnologia.com.br\/website\/wp-json\/wp\/v2\/pages\/13157\/revisions\/14948"}],"up":[{"embeddable":true,"href":"https:\/\/www.v2btecnologia.com.br\/website\/wp-json\/wp\/v2\/pages\/228"}],"wp:featuredmedia":[{"embeddable":true,"href":"https:\/\/www.v2btecnologia.com.br\/website\/wp-json\/wp\/v2\/media\/12389"}],"wp:attachment":[{"href":"https:\/\/www.v2btecnologia.com.br\/website\/wp-json\/wp\/v2\/media?parent=13157"}],"curies":[{"name":"wp","href":"https:\/\/api.w.org\/{rel}","templated":true}]}}