{"id":22156,"date":"2023-04-12T14:40:09","date_gmt":"2023-04-12T17:40:09","guid":{"rendered":"https:\/\/www.v2btecnologia.com.br\/website\/?page_id=22156"},"modified":"2023-04-12T15:05:43","modified_gmt":"2023-04-12T18:05:43","slug":"teste","status":"publish","type":"page","link":"https:\/\/www.v2btecnologia.com.br\/website\/teste\/","title":{"rendered":"Teste"},"content":{"rendered":"<div id=\"dslc-content\" class=\"dslc-content dslc-clearfix\"><div id=\"dslc-main\">\r\n\t\t<div  class=\"dslc-modules-section  dslc-full \" style=\"padding-left:4%;padding-right:4%;background-image:url();background-image:url(https:\/\/www.v2btecnologia.com.br\/website\/wp-content\/uploads\/2023\/04\/data-analysis2.jpg);background-repeat:no-repeat;background-position:center top;background-size:cover;\" data-section-id=\"f306229c8ed\">\r\n\t\t\t\t<div class=\"dslc-bg-video dslc-force-show\"><div class=\"dslc-bg-video-overlay\" style=\"background-color:#000000; opacity:0.45; \"><\/div><\/div>\r\n\t\t\t\t\r\n\t\t\t\t<div class=\"dslc-modules-section-wrapper dslc-clearfix\"><div class=\"dslc-modules-area dslc-col dslc-1-col dslc-first-col dslc-valign- \" data-size=\"1\" data-valign=\"\">\r\n\t\t<div id=\"dslc-module-4b752fdb877\" class=\"dslc-module-front dslc-module-DSLC_Text_Simple dslc-in-viewport-check dslc-in-viewport-anim-none  dslc-col dslc-12-col dslc-last-col  dslc-module-handle-like-regular \" data-module-id=\"4b752fdb877\" data-module=\"DSLC_Text_Simple\" data-dslc-module-size=\"12\" data-dslc-anim=\"none\" data-dslc-anim-delay=\"\" data-dslc-anim-duration=\"650\"  data-dslc-anim-easing=\"ease\" data-dslc-preset=\"none\" >\r\n\r\n\t\t\t\r\n\t\t\t\r\n\t\t\r\n\t\t<div class=\"dslc-text-module-content\">\r\n\t\t\t\t\t<\/div>\r\n\r\n\t\t\r\n\t\t\t\t<\/div><!-- .dslc-module -->\r\n\t\t<\/div><div class=\"dslc-modules-area dslc-col dslc-4-col  dslc-valign- \" data-size=\"4\" data-valign=\"\">\r\n\t\t<div id=\"dslc-module-j3nf8c8hhb\" class=\"dslc-module-front dslc-module-DSLC_Text_Simple dslc-in-viewport-check dslc-in-viewport-anim-dslcSlideRightFadeIn  dslc-col dslc-12-col dslc-last-col  dslc-module-handle-like-regular \" data-module-id=\"j3nf8c8hhb\" data-module=\"DSLC_Text_Simple\" data-dslc-module-size=\"12\" data-dslc-anim=\"dslcSlideRightFadeIn\" data-dslc-anim-delay=\"300\" data-dslc-anim-duration=\"850\"  data-dslc-anim-easing=\"ease-out\" data-dslc-preset=\"none\" >\r\n\r\n\t\t\t\r\n\t\t\t\r\n\t\t\r\n\t\t<div class=\"dslc-text-module-content\">\r\n\t\t\t<h5>Experimente nossa solu\u00e7\u00e3o<\/h5><h2>Receba um login teste <\/h2>\t\t<\/div>\r\n\r\n\t\t\r\n\t\t\t\t<\/div><!-- .dslc-module -->\r\n\t\t<\/div><div class=\"dslc-modules-area dslc-col dslc-5-col  dslc-valign-top \" data-size=\"5\" data-valign=\"top\">\r\n\t\t<div id=\"dslc-module-604d5eef15e\" class=\"dslc-module-front dslc-module-DSLC_Text_Simple dslc-in-viewport-check dslc-in-viewport-anim-dslcSlideLeftFadeIn  dslc-col dslc-12-col dslc-last-col  dslc-module-handle-like-regular \" data-module-id=\"604d5eef15e\" data-module=\"DSLC_Text_Simple\" data-dslc-module-size=\"12\" data-dslc-anim=\"dslcSlideLeftFadeIn\" data-dslc-anim-delay=\"900\" data-dslc-anim-duration=\"850\"  data-dslc-anim-easing=\"ease-out\" data-dslc-preset=\"none\" >\r\n\r\n\t\t\t\r\n\t\t\t\r\n\t\t\r\n\t\t<div class=\"dslc-text-module-content\">\r\n\t\t\t<p>Preencha as informa\u00e7\u00f5es abaixo ou solicite via WhatsApp um login para degusta\u00e7\u00e3o:<\/p>\t\t<\/div>\r\n\r\n\t\t\r\n\t\t\t\t<\/div><!-- .dslc-module -->\r\n\t\t\r\n\t\t<div id=\"dslc-module-c7e039a800a\" class=\"dslc-module-front dslc-module-DSLC_Shortcode dslc-in-viewport-check dslc-in-viewport-anim-dslcSlideLeftFadeIn  dslc-col dslc-12-col dslc-last-col  dslc-module-handle-like-regular \" data-module-id=\"c7e039a800a\" data-module=\"DSLC_Shortcode\" data-dslc-module-size=\"12\" data-dslc-anim=\"dslcSlideLeftFadeIn\" data-dslc-anim-delay=\"900\" data-dslc-anim-duration=\"850\"  data-dslc-anim-easing=\"ease-out\" data-dslc-preset=\"none\" >\r\n\r\n\t\t\t\r\n\t\t\t\r\n\t\t\t\t<div class=\"dslc-module-shortcode\">\r\n\t\t\t<div class='fluentform fluentform_wrapper_3'><form data-form_id=\"3\" id=\"fluentform_3\" class=\"frm-fluent-form fluent_form_3 ff-el-form-top ff_form_instance_3_1 ff-form-loading\" data-form_instance=\"ff_form_instance_3_1\" method=\"POST\" ><fieldset style=\"border: none!important;margin: 0!important;padding: 0!important;background-color: transparent!important;\n                                 box-shadow: none!important;outline: none!important;\">\n                    <legend class=\"ff_screen_reader_title\" style=\"margin: 0!important;padding: 0!important;height: 0!important;text-indent: -999999px;width: 0!important;\">Solicita\u00e7\u00e3o de login V2B\/Market<\/legend><p style=\"display: none !important;\"><label>&#916;<textarea name=\"ak_hp_textarea\" cols=\"45\" rows=\"8\" maxlength=\"100\"><\/textarea><\/label><input type=\"hidden\" id=\"ak_js_1\" name=\"ak_js\" value=\"163\"\/><script>document.getElementById( \"ak_js_1\" ).setAttribute( \"value\", ( new Date() ).getTime() );<\/script><\/p><input type='hidden' name='__fluent_form_embded_post_id' value='22156' \/><input type=\"hidden\" id=\"_fluentform_3_fluentformnonce\" name=\"_fluentform_3_fluentformnonce\" value=\"2a19137ca2\" \/><input type=\"hidden\" name=\"_wp_http_referer\" value=\"\/website\/wp-json\/wp\/v2\/pages\/22156\" \/><div class='ff-el-group ff-el-form-hide_label'><div class=\"ff-el-input--label ff-el-is-required asterisk-right\"><label for='ff_3_input_text' aria-label=\"Nome\">Nome<\/label> <\/div><div class='ff-el-input--content'><input type=\"text\" name=\"input_text\" class=\"ff-el-form-control\" placeholder=\"Nome\" data-name=\"input_text\" id=\"ff_3_input_text\"  aria-invalid=\"false\" aria-required=true><\/div><\/div><div class='ff-el-group ff-el-form-hide_label'><div class=\"ff-el-input--label ff-el-is-required asterisk-right\"><label for='ff_3_email' aria-label=\"Email\">Email<\/label> <\/div><div class='ff-el-input--content'><input type=\"email\" name=\"email\" id=\"ff_3_email\" class=\"ff-el-form-control\" placeholder=\"Email \" data-name=\"email\"  aria-invalid=\"false\" aria-required=true><\/div><\/div><div class='ff-el-group ff-el-form-hide_label'><div class=\"ff-el-input--label asterisk-right\"><label for='ff_3_input_text_1' aria-label=\"Empresa\">Empresa<\/label> <\/div><div class='ff-el-input--content'><input type=\"text\" name=\"input_text_1\" class=\"ff-el-form-control\" placeholder=\"Empresa\" data-name=\"input_text_1\" id=\"ff_3_input_text_1\"  aria-invalid=\"false\" aria-required=false><\/div><\/div><div class='ff-el-group ff-text-center ff_submit_btn_wrapper'><button type=\"submit\" class=\"ff-btn ff-btn-submit ff-btn-md ff_btn_style\" >Receber login<\/button><\/div><\/fieldset><\/form><div id='fluentform_3_errors' class='ff-errors-in-stack ff_form_instance_3_1 ff-form-loading_errors ff_form_instance_3_1_errors'><\/div><\/div>        <script type=\"text\/javascript\">\n            window.fluent_form_ff_form_instance_3_1 = {\"id\":\"3\",\"settings\":{\"layout\":{\"labelPlacement\":\"top\",\"helpMessagePlacement\":\"with_label\",\"errorMessagePlacement\":\"inline\",\"cssClassName\":\"\",\"asteriskPlacement\":\"asterisk-right\"},\"restrictions\":{\"denyEmptySubmission\":{\"enabled\":false}}},\"form_instance\":\"ff_form_instance_3_1\",\"form_id_selector\":\"fluentform_3\",\"rules\":{\"input_text\":{\"required\":{\"value\":true,\"message\":\"This field is required\"}},\"email\":{\"required\":{\"value\":true,\"message\":\"This field is required\"},\"email\":{\"value\":true,\"message\":\"Insira um email v\\u00e1lido\"}},\"input_text_1\":{\"required\":{\"value\":false,\"message\":\"This field is required\"}}}};\n                    <\/script>\n        \t\t<\/div>\r\n\t\t\r\n\t\t\t\t<\/div><!-- .dslc-module -->\r\n\t\t<\/div><div class=\"dslc-modules-area dslc-col dslc-5-col dslc-first-col dslc-valign- \" data-size=\"5\" data-valign=\"\"><\/div><div class=\"dslc-modules-area dslc-col dslc-5-col  dslc-valign-middle \" data-size=\"5\" data-valign=\"middle\">\r\n\t\t<div id=\"dslc-module-jrtnnub0704\" class=\"dslc-module-front dslc-module-DSLC_Text_Simple dslc-in-viewport-check dslc-in-viewport-anim-none  dslc-col dslc-12-col dslc-last-col  dslc-module-handle-like-regular \" data-module-id=\"jrtnnub0704\" data-module=\"DSLC_Text_Simple\" data-dslc-module-size=\"12\" data-dslc-anim=\"none\" data-dslc-anim-delay=\"900\" data-dslc-anim-duration=\"850\"  data-dslc-anim-easing=\"ease-out\" data-dslc-preset=\"none\" >\r\n\r\n\t\t\t\r\n\t\t\t\r\n\t\t\r\n\t\t<div class=\"dslc-text-module-content\">\r\n\t\t\t<p>Conecte-se conosco <\/p>\t\t<\/div>\r\n\r\n\t\t\r\n\t\t\t\t<\/div><!-- .dslc-module -->\r\n\t\t\r\n\t\t<div id=\"dslc-module-hgcvehg260c\" class=\"dslc-module-front dslc-module-DSLC_Social dslc-in-viewport-check dslc-in-viewport-anim-dslcFadeIn  dslc-col dslc-12-col dslc-last-col  dslc-module-handle-like-regular \" data-module-id=\"hgcvehg260c\" data-module=\"DSLC_Social\" data-dslc-module-size=\"12\" data-dslc-anim=\"dslcFadeIn\" data-dslc-anim-delay=\"1500\" data-dslc-anim-duration=\"650\"  data-dslc-anim-easing=\"ease\" data-dslc-preset=\"none\" >\r\n\r\n\t\t\t\r\n\t\t\t\r\n\t\t\t\t\t<div class=\"dslc-social-wrap\">\r\n\r\n\t\t\t\t<ul class=\"dslc-social\">\r\n\t\t\t\t\t\t\t\t\t\t\t<li>\r\n\t\t\t\t\t\t\t\t<a class=\"dslc-social-icon\" target=\"_blank\" href=\"https:\/\/www.linkedin.com\/company\/v2b-tecnologia\" ><span class=\"dslc-icon dslc-icon-linkedin\"><\/span><\/a>\r\n\t\t\t\t\t\t\t\t\t\t\t\t\t\t\t<\/li>\r\n\t\t\t\t\t\t\t\t\t\t\t<\/ul>\r\n\r\n\t\t\t<\/div><!-- .dslc-social-wrap -->\r\n\r\n\t\t\t\r\n\t\t\t\t<\/div><!-- .dslc-module -->\r\n\t\t<\/div><\/div><\/div><\/div><\/div>","protected":false},"excerpt":{"rendered":"<p>Experimente nossa solu\u00e7\u00e3oReceba um login teste Preencha as informa\u00e7\u00f5es abaixo ou solicite via WhatsApp um login para degusta\u00e7\u00e3o: Solicita\u00e7\u00e3o de login V2B\/Market&#916;Nome Email Empresa Receber login Conecte-se conosco<\/p>\n","protected":false},"author":1,"featured_media":0,"parent":0,"menu_order":0,"comment_status":"closed","ping_status":"closed","template":"elementor_header_footer","meta":{"footnotes":""},"class_list":["post-22156","page","type-page","status-publish"],"aioseo_notices":[],"_links":{"self":[{"href":"https:\/\/www.v2btecnologia.com.br\/website\/wp-json\/wp\/v2\/pages\/22156","targetHints":{"allow":["GET"]}}],"collection":[{"href":"https:\/\/www.v2btecnologia.com.br\/website\/wp-json\/wp\/v2\/pages"}],"about":[{"href":"https:\/\/www.v2btecnologia.com.br\/website\/wp-json\/wp\/v2\/types\/page"}],"author":[{"embeddable":true,"href":"https:\/\/www.v2btecnologia.com.br\/website\/wp-json\/wp\/v2\/users\/1"}],"replies":[{"embeddable":true,"href":"https:\/\/www.v2btecnologia.com.br\/website\/wp-json\/wp\/v2\/comments?post=22156"}],"version-history":[{"count":1,"href":"https:\/\/www.v2btecnologia.com.br\/website\/wp-json\/wp\/v2\/pages\/22156\/revisions"}],"predecessor-version":[{"id":22157,"href":"https:\/\/www.v2btecnologia.com.br\/website\/wp-json\/wp\/v2\/pages\/22156\/revisions\/22157"}],"wp:attachment":[{"href":"https:\/\/www.v2btecnologia.com.br\/website\/wp-json\/wp\/v2\/media?parent=22156"}],"curies":[{"name":"wp","href":"https:\/\/api.w.org\/{rel}","templated":true}]}}