{"id":22431,"date":"2025-04-25T10:12:28","date_gmt":"2025-04-25T13:12:28","guid":{"rendered":"https:\/\/www.v2btecnologia.com.br\/website\/?page_id=22431"},"modified":"2025-04-27T12:05:06","modified_gmt":"2025-04-27T15:05:06","slug":"conciliacao","status":"publish","type":"page","link":"https:\/\/www.v2btecnologia.com.br\/website\/modulos\/conciliacao\/","title":{"rendered":"Concilia\u00e7\u00e3o"},"content":{"rendered":"<div id=\"dslc-theme-content\"><div id=\"dslc-theme-content-inner\">\t\t<div data-elementor-type=\"wp-page\" data-elementor-id=\"22431\" class=\"elementor elementor-22431\">\n\t\t\t\t\t\t\t\t\t<section class=\"elementor-section elementor-top-section elementor-element elementor-element-f64e272 elementor-section-content-middle elementor-section-boxed elementor-section-height-default elementor-section-height-default\" data-id=\"f64e272\" data-element_type=\"section\" data-settings=\"{&quot;background_background&quot;:&quot;classic&quot;}\">\n\t\t\t\t\t\t\t<div class=\"elementor-background-overlay\"><\/div>\n\t\t\t\t\t\t\t<div class=\"elementor-container elementor-column-gap-no\">\n\t\t\t\t\t<div class=\"elementor-column elementor-col-100 elementor-top-column elementor-element elementor-element-fc33e9d\" data-id=\"fc33e9d\" data-element_type=\"column\">\n\t\t\t<div class=\"elementor-widget-wrap elementor-element-populated\">\n\t\t\t\t\t\t\t\t<div class=\"elementor-element elementor-element-0277a21 elementor-widget elementor-widget-heading\" data-id=\"0277a21\" data-element_type=\"widget\" data-widget_type=\"heading.default\">\n\t\t\t\t<div class=\"elementor-widget-container\">\n\t\t\t<h4 class=\"elementor-heading-title elementor-size-default\">V2B<\/h4>\t\t<\/div>\n\t\t\t\t<\/div>\n\t\t\t\t<div class=\"elementor-element elementor-element-66c4eb3 elementor-widget elementor-widget-heading\" data-id=\"66c4eb3\" data-element_type=\"widget\" data-widget_type=\"heading.default\">\n\t\t\t\t<div class=\"elementor-widget-container\">\n\t\t\t<h1 class=\"elementor-heading-title elementor-size-default\">Concilia\u00e7\u00e3o<\/h1>\t\t<\/div>\n\t\t\t\t<\/div>\n\t\t\t\t<div class=\"elementor-element elementor-element-5812487 elementor-widget-divider--view-line elementor-widget elementor-widget-divider\" data-id=\"5812487\" data-element_type=\"widget\" data-widget_type=\"divider.default\">\n\t\t\t\t<div class=\"elementor-widget-container\">\n\t\t\t\t\t<div class=\"elementor-divider\">\n\t\t\t<span class=\"elementor-divider-separator\">\n\t\t\t\t\t\t<\/span>\n\t\t<\/div>\n\t\t\t\t<\/div>\n\t\t\t\t<\/div>\n\t\t\t\t<div class=\"elementor-element elementor-element-615e54b elementor-widget elementor-widget-text-editor\" data-id=\"615e54b\" data-element_type=\"widget\" data-widget_type=\"text-editor.default\">\n\t\t\t\t<div class=\"elementor-widget-container\">\n\t\t\t\t\t\t\t<p>M\u00f3dulo conciliador de cart\u00f5es<\/p>\t\t\t\t\t\t<\/div>\n\t\t\t\t<\/div>\n\t\t\t\t\t<\/div>\n\t\t<\/div>\n\t\t\t\t\t\t\t<\/div>\n\t\t<\/section>\n\t\t\t\t<section class=\"elementor-section elementor-top-section elementor-element elementor-element-906cf30 elementor-section-content-middle elementor-section-boxed elementor-section-height-default elementor-section-height-default\" data-id=\"906cf30\" data-element_type=\"section\">\n\t\t\t\t\t\t<div class=\"elementor-container elementor-column-gap-wide\">\n\t\t\t\t\t<div class=\"elementor-column elementor-col-50 elementor-top-column elementor-element elementor-element-487506a\" data-id=\"487506a\" data-element_type=\"column\">\n\t\t\t<div class=\"elementor-widget-wrap elementor-element-populated\">\n\t\t\t\t\t\t\t\t<div class=\"elementor-element elementor-element-5b1f76f elementor-widget elementor-widget-heading\" data-id=\"5b1f76f\" data-element_type=\"widget\" data-widget_type=\"heading.default\">\n\t\t\t\t<div class=\"elementor-widget-container\">\n\t\t\t<h2 class=\"elementor-heading-title elementor-size-default\">Concilia\u00e7\u00e3o de cart\u00f5es completa para sua gest\u00e3o\n\n<\/h2>\t\t<\/div>\n\t\t\t\t<\/div>\n\t\t\t\t<div class=\"elementor-element elementor-element-1336304 elementor-widget-divider--view-line elementor-widget elementor-widget-divider\" data-id=\"1336304\" data-element_type=\"widget\" data-widget_type=\"divider.default\">\n\t\t\t\t<div class=\"elementor-widget-container\">\n\t\t\t\t\t<div class=\"elementor-divider\">\n\t\t\t<span class=\"elementor-divider-separator\">\n\t\t\t\t\t\t<\/span>\n\t\t<\/div>\n\t\t\t\t<\/div>\n\t\t\t\t<\/div>\n\t\t\t\t<div class=\"elementor-element elementor-element-441590a elementor-widget elementor-widget-text-editor\" data-id=\"441590a\" data-element_type=\"widget\" data-widget_type=\"text-editor.default\">\n\t\t\t\t<div class=\"elementor-widget-container\">\n\t\t\t\t\t\t\t<p>C<span style=\"word-spacing: normal;\">om a tecnologia V2B conciliador de cart\u00f5es sua empresa tem o controle na palma da m\u00e3o com gest\u00e3o financeira eficiente de f\u00e1cil entendimento as confer\u00eancias.<\/span><\/p><p>Conciliamos mais de 40 adquirentes acima de 100 bandeiras, produtos de d\u00e9bito, cr\u00e9dito a vista, credito parcelado, voucher alimenta\u00e7\u00e3o, refei\u00e7\u00e3o e multibeneficios e tamb\u00e9m o delivery ifood.<\/p><p>Identifique oportunidades, ataque os problemas no in\u00edcio, corrija comportamentos e responda r\u00e1pido \u00e0s mudan\u00e7as no desempenho do seu neg\u00f3cio.<\/p>\t\t\t\t\t\t<\/div>\n\t\t\t\t<\/div>\n\t\t\t\t\t<\/div>\n\t\t<\/div>\n\t\t\t\t<div class=\"elementor-column elementor-col-50 elementor-top-column elementor-element elementor-element-6fa6b24\" data-id=\"6fa6b24\" data-element_type=\"column\">\n\t\t\t<div class=\"elementor-widget-wrap elementor-element-populated\">\n\t\t\t\t\t\t\t\t<div class=\"elementor-element elementor-element-96a12f2 elementor-widget elementor-widget-heading\" data-id=\"96a12f2\" data-element_type=\"widget\" data-widget_type=\"heading.default\">\n\t\t\t\t<div class=\"elementor-widget-container\">\n\t\t\t<h3 class=\"elementor-heading-title elementor-size-default\">An\u00e1lises:\n\n<\/h3>\t\t<\/div>\n\t\t\t\t<\/div>\n\t\t\t\t<div class=\"elementor-element elementor-element-ba5f9b8 elementor-position-left elementor-vertical-align-middle elementor-view-default elementor-mobile-position-top elementor-widget elementor-widget-icon-box\" data-id=\"ba5f9b8\" data-element_type=\"widget\" data-widget_type=\"icon-box.default\">\n\t\t\t\t<div class=\"elementor-widget-container\">\n\t\t\t\t\t<div class=\"elementor-icon-box-wrapper\">\n\t\t\t\t\t\t<div class=\"elementor-icon-box-icon\">\n\t\t\t\t<span class=\"elementor-icon elementor-animation-grow\" >\n\t\t\t\t<i aria-hidden=\"true\" class=\"fas fa-chevron-right\"><\/i>\t\t\t\t<\/span>\n\t\t\t<\/div>\n\t\t\t\t\t\t<div class=\"elementor-icon-box-content\">\n\t\t\t\t<h4 class=\"elementor-icon-box-title\">\n\t\t\t\t\t<span  >\n\t\t\t\t\t\tConcilia\u00e7\u00e3o de vendas\t\t\t\t\t<\/span>\n\t\t\t\t<\/h4>\n\t\t\t\t\t\t\t<\/div>\n\t\t<\/div>\n\t\t\t\t<\/div>\n\t\t\t\t<\/div>\n\t\t\t\t<div class=\"elementor-element elementor-element-7018221 elementor-position-left elementor-vertical-align-middle elementor-view-default elementor-mobile-position-top elementor-widget elementor-widget-icon-box\" data-id=\"7018221\" data-element_type=\"widget\" data-widget_type=\"icon-box.default\">\n\t\t\t\t<div class=\"elementor-widget-container\">\n\t\t\t\t\t<div class=\"elementor-icon-box-wrapper\">\n\t\t\t\t\t\t<div class=\"elementor-icon-box-icon\">\n\t\t\t\t<span class=\"elementor-icon elementor-animation-grow\" >\n\t\t\t\t<i aria-hidden=\"true\" class=\"fas fa-chevron-right\"><\/i>\t\t\t\t<\/span>\n\t\t\t<\/div>\n\t\t\t\t\t\t<div class=\"elementor-icon-box-content\">\n\t\t\t\t<h4 class=\"elementor-icon-box-title\">\n\t\t\t\t\t<span  >\n\t\t\t\t\t\tConcilia\u00e7\u00e3o de taxas\t\t\t\t\t<\/span>\n\t\t\t\t<\/h4>\n\t\t\t\t\t\t\t<\/div>\n\t\t<\/div>\n\t\t\t\t<\/div>\n\t\t\t\t<\/div>\n\t\t\t\t<div class=\"elementor-element elementor-element-22882ac elementor-position-left elementor-vertical-align-middle elementor-view-default elementor-mobile-position-top elementor-widget elementor-widget-icon-box\" data-id=\"22882ac\" data-element_type=\"widget\" data-widget_type=\"icon-box.default\">\n\t\t\t\t<div class=\"elementor-widget-container\">\n\t\t\t\t\t<div class=\"elementor-icon-box-wrapper\">\n\t\t\t\t\t\t<div class=\"elementor-icon-box-icon\">\n\t\t\t\t<span class=\"elementor-icon elementor-animation-grow\" >\n\t\t\t\t<i aria-hidden=\"true\" class=\"fas fa-chevron-right\"><\/i>\t\t\t\t<\/span>\n\t\t\t<\/div>\n\t\t\t\t\t\t<div class=\"elementor-icon-box-content\">\n\t\t\t\t<h4 class=\"elementor-icon-box-title\">\n\t\t\t\t\t<span  >\n\t\t\t\t\t\tConcilia\u00e7\u00e3o financeira \t\t\t\t\t<\/span>\n\t\t\t\t<\/h4>\n\t\t\t\t\t\t\t<\/div>\n\t\t<\/div>\n\t\t\t\t<\/div>\n\t\t\t\t<\/div>\n\t\t\t\t<div class=\"elementor-element elementor-element-c05e583 elementor-position-left elementor-vertical-align-middle elementor-view-default elementor-mobile-position-top elementor-widget elementor-widget-icon-box\" data-id=\"c05e583\" data-element_type=\"widget\" data-widget_type=\"icon-box.default\">\n\t\t\t\t<div class=\"elementor-widget-container\">\n\t\t\t\t\t<div class=\"elementor-icon-box-wrapper\">\n\t\t\t\t\t\t<div class=\"elementor-icon-box-icon\">\n\t\t\t\t<span class=\"elementor-icon elementor-animation-grow\" >\n\t\t\t\t<i aria-hidden=\"true\" class=\"fas fa-chevron-right\"><\/i>\t\t\t\t<\/span>\n\t\t\t<\/div>\n\t\t\t\t\t\t<div class=\"elementor-icon-box-content\">\n\t\t\t\t<h4 class=\"elementor-icon-box-title\">\n\t\t\t\t\t<span  >\n\t\t\t\t\t\tConcilia\u00e7\u00e3o banc\u00e1ria\t\t\t\t\t<\/span>\n\t\t\t\t<\/h4>\n\t\t\t\t\t\t\t<\/div>\n\t\t<\/div>\n\t\t\t\t<\/div>\n\t\t\t\t<\/div>\n\t\t\t\t\t<\/div>\n\t\t<\/div>\n\t\t\t\t\t\t\t<\/div>\n\t\t<\/section>\n\t\t\t\t<section class=\"elementor-section elementor-top-section elementor-element elementor-element-a607024 elementor-section-boxed elementor-section-height-default elementor-section-height-default\" data-id=\"a607024\" data-element_type=\"section\" data-settings=\"{&quot;background_background&quot;:&quot;classic&quot;}\">\n\t\t\t\t\t\t<div class=\"elementor-container elementor-column-gap-default\">\n\t\t\t\t\t<div class=\"elementor-column elementor-col-100 elementor-top-column elementor-element elementor-element-e10cc31\" data-id=\"e10cc31\" data-element_type=\"column\">\n\t\t\t<div class=\"elementor-widget-wrap elementor-element-populated\">\n\t\t\t\t\t\t\t\t<div class=\"elementor-element elementor-element-6ff6745 animated-slow gallery-spacing-custom elementor-invisible elementor-widget elementor-widget-image-gallery\" data-id=\"6ff6745\" data-element_type=\"widget\" data-settings=\"{&quot;_animation&quot;:&quot;fadeIn&quot;}\" data-widget_type=\"image-gallery.default\">\n\t\t\t\t<div class=\"elementor-widget-container\">\n\t\t\t\t\t<div class=\"elementor-image-gallery\">\n\t\t\t<div id='gallery-1' class='gallery galleryid-22431 gallery-columns-1 gallery-size-large'><figure class='gallery-item'>\n\t\t\t<div class='gallery-icon landscape'>\n\t\t\t\t<img loading=\"lazy\" decoding=\"async\" width=\"800\" height=\"378\" src=\"https:\/\/www.v2btecnologia.com.br\/website\/wp-content\/uploads\/2025\/04\/dashboard-v2b-conciliador-1024x484.jpg\" class=\"attachment-large size-large\" alt=\"\" aria-describedby=\"gallery-1-22559\" srcset=\"https:\/\/www.v2btecnologia.com.br\/website\/wp-content\/uploads\/2025\/04\/dashboard-v2b-conciliador-1024x484.jpg 1024w, https:\/\/www.v2btecnologia.com.br\/website\/wp-content\/uploads\/2025\/04\/dashboard-v2b-conciliador-300x142.jpg 300w, https:\/\/www.v2btecnologia.com.br\/website\/wp-content\/uploads\/2025\/04\/dashboard-v2b-conciliador-768x363.jpg 768w, https:\/\/www.v2btecnologia.com.br\/website\/wp-content\/uploads\/2025\/04\/dashboard-v2b-conciliador.jpg 1362w\" sizes=\"auto, (max-width: 800px) 100vw, 800px\" \/>\n\t\t\t<\/div>\n\t\t\t\t<figcaption class='wp-caption-text gallery-caption' id='gallery-1-22559'>\n\t\t\t\tDashboard\n\t\t\t\t<\/figcaption><\/figure><figure class='gallery-item'>\n\t\t\t<div class='gallery-icon landscape'>\n\t\t\t\t<img loading=\"lazy\" decoding=\"async\" width=\"800\" height=\"374\" src=\"https:\/\/www.v2btecnologia.com.br\/website\/wp-content\/uploads\/2025\/04\/conciliacao-bancaria-v2b-conciliador-1024x479.jpg\" class=\"attachment-large size-large\" alt=\"\" aria-describedby=\"gallery-1-22556\" srcset=\"https:\/\/www.v2btecnologia.com.br\/website\/wp-content\/uploads\/2025\/04\/conciliacao-bancaria-v2b-conciliador-1024x479.jpg 1024w, https:\/\/www.v2btecnologia.com.br\/website\/wp-content\/uploads\/2025\/04\/conciliacao-bancaria-v2b-conciliador-300x140.jpg 300w, https:\/\/www.v2btecnologia.com.br\/website\/wp-content\/uploads\/2025\/04\/conciliacao-bancaria-v2b-conciliador-768x359.jpg 768w, https:\/\/www.v2btecnologia.com.br\/website\/wp-content\/uploads\/2025\/04\/conciliacao-bancaria-v2b-conciliador.jpg 1365w\" sizes=\"auto, (max-width: 800px) 100vw, 800px\" \/>\n\t\t\t<\/div>\n\t\t\t\t<figcaption class='wp-caption-text gallery-caption' id='gallery-1-22556'>\n\t\t\t\tConcilia\u00e7\u00e3o banc\u00e1ria\n\t\t\t\t<\/figcaption><\/figure><figure class='gallery-item'>\n\t\t\t<div class='gallery-icon landscape'>\n\t\t\t\t<img loading=\"lazy\" decoding=\"async\" width=\"800\" height=\"376\" src=\"https:\/\/www.v2btecnologia.com.br\/website\/wp-content\/uploads\/2025\/04\/conciliacao-de-taxa-mdr-v2b-conciliador-1024x481.jpg\" class=\"attachment-large size-large\" alt=\"\" aria-describedby=\"gallery-1-22557\" srcset=\"https:\/\/www.v2btecnologia.com.br\/website\/wp-content\/uploads\/2025\/04\/conciliacao-de-taxa-mdr-v2b-conciliador-1024x481.jpg 1024w, https:\/\/www.v2btecnologia.com.br\/website\/wp-content\/uploads\/2025\/04\/conciliacao-de-taxa-mdr-v2b-conciliador-300x141.jpg 300w, https:\/\/www.v2btecnologia.com.br\/website\/wp-content\/uploads\/2025\/04\/conciliacao-de-taxa-mdr-v2b-conciliador-768x361.jpg 768w, https:\/\/www.v2btecnologia.com.br\/website\/wp-content\/uploads\/2025\/04\/conciliacao-de-taxa-mdr-v2b-conciliador.jpg 1365w\" sizes=\"auto, (max-width: 800px) 100vw, 800px\" \/>\n\t\t\t<\/div>\n\t\t\t\t<figcaption class='wp-caption-text gallery-caption' id='gallery-1-22557'>\n\t\t\t\tConcilia\u00e7\u00e3o taxa MDR\n\t\t\t\t<\/figcaption><\/figure><figure class='gallery-item'>\n\t\t\t<div class='gallery-icon landscape'>\n\t\t\t\t<img loading=\"lazy\" decoding=\"async\" width=\"800\" height=\"377\" src=\"https:\/\/www.v2btecnologia.com.br\/website\/wp-content\/uploads\/2025\/04\/conciliacao-vendas-v2b-conciliador-1024x483.png\" class=\"attachment-large size-large\" alt=\"\" aria-describedby=\"gallery-1-22558\" srcset=\"https:\/\/www.v2btecnologia.com.br\/website\/wp-content\/uploads\/2025\/04\/conciliacao-vendas-v2b-conciliador-1024x483.png 1024w, https:\/\/www.v2btecnologia.com.br\/website\/wp-content\/uploads\/2025\/04\/conciliacao-vendas-v2b-conciliador-300x142.png 300w, https:\/\/www.v2btecnologia.com.br\/website\/wp-content\/uploads\/2025\/04\/conciliacao-vendas-v2b-conciliador-768x362.png 768w, https:\/\/www.v2btecnologia.com.br\/website\/wp-content\/uploads\/2025\/04\/conciliacao-vendas-v2b-conciliador.png 1365w\" sizes=\"auto, (max-width: 800px) 100vw, 800px\" \/>\n\t\t\t<\/div>\n\t\t\t\t<figcaption class='wp-caption-text gallery-caption' id='gallery-1-22558'>\n\t\t\t\tConcilia\u00e7\u00e3o vendas\n\t\t\t\t<\/figcaption><\/figure><figure class='gallery-item'>\n\t\t\t<div class='gallery-icon landscape'>\n\t\t\t\t<img loading=\"lazy\" decoding=\"async\" width=\"800\" height=\"374\" src=\"https:\/\/www.v2btecnologia.com.br\/website\/wp-content\/uploads\/2025\/04\/financeiro-previsto-v2b-conciliador-1024x479.jpg\" class=\"attachment-large size-large\" alt=\"\" aria-describedby=\"gallery-1-22560\" srcset=\"https:\/\/www.v2btecnologia.com.br\/website\/wp-content\/uploads\/2025\/04\/financeiro-previsto-v2b-conciliador-1024x479.jpg 1024w, https:\/\/www.v2btecnologia.com.br\/website\/wp-content\/uploads\/2025\/04\/financeiro-previsto-v2b-conciliador-300x140.jpg 300w, https:\/\/www.v2btecnologia.com.br\/website\/wp-content\/uploads\/2025\/04\/financeiro-previsto-v2b-conciliador-768x360.jpg 768w, https:\/\/www.v2btecnologia.com.br\/website\/wp-content\/uploads\/2025\/04\/financeiro-previsto-v2b-conciliador.jpg 1365w\" sizes=\"auto, (max-width: 800px) 100vw, 800px\" \/>\n\t\t\t<\/div>\n\t\t\t\t<figcaption class='wp-caption-text gallery-caption' id='gallery-1-22560'>\n\t\t\t\tFinanceiro previsto\n\t\t\t\t<\/figcaption><\/figure>\n\t\t<\/div>\n\t\t<\/div>\n\t\t\t\t<\/div>\n\t\t\t\t<\/div>\n\t\t\t\t\t<\/div>\n\t\t<\/div>\n\t\t\t\t\t\t\t<\/div>\n\t\t<\/section>\n\t\t\t\t<section class=\"elementor-section elementor-top-section elementor-element elementor-element-eca8e09 elementor-section-content-top elementor-section-boxed elementor-section-height-default elementor-section-height-default\" data-id=\"eca8e09\" data-element_type=\"section\" data-settings=\"{&quot;background_background&quot;:&quot;classic&quot;}\">\n\t\t\t\t\t\t<div class=\"elementor-container elementor-column-gap-default\">\n\t\t\t\t\t<div class=\"elementor-column elementor-col-33 elementor-top-column elementor-element elementor-element-e9a7337\" data-id=\"e9a7337\" data-element_type=\"column\">\n\t\t\t<div class=\"elementor-widget-wrap elementor-element-populated\">\n\t\t\t\t\t\t\t\t<div class=\"elementor-element elementor-element-5077134 elementor-widget elementor-widget-heading\" data-id=\"5077134\" data-element_type=\"widget\" data-widget_type=\"heading.default\">\n\t\t\t\t<div class=\"elementor-widget-container\">\n\t\t\t<h2 class=\"elementor-heading-title elementor-size-default\">V2B \u00e9 Intelig\u00eancia Ativa para seu neg\u00f3cio<\/h2>\t\t<\/div>\n\t\t\t\t<\/div>\n\t\t\t\t\t<\/div>\n\t\t<\/div>\n\t\t\t\t<div class=\"elementor-column elementor-col-33 elementor-top-column elementor-element elementor-element-291d148\" data-id=\"291d148\" data-element_type=\"column\">\n\t\t\t<div class=\"elementor-widget-wrap elementor-element-populated\">\n\t\t\t\t\t\t\t\t<div class=\"elementor-element elementor-element-a029924 elementor-widget elementor-widget-text-editor\" data-id=\"a029924\" data-element_type=\"widget\" data-widget_type=\"text-editor.default\">\n\t\t\t\t<div class=\"elementor-widget-container\">\n\t\t\t\t\t\t\t<p>A solu\u00e7\u00e3o V2B alia tecnologia e processos de forma integrada para oferecer ao gestor uma tomada de decis\u00e3o na velocidade dos dados<\/p>\t\t\t\t\t\t<\/div>\n\t\t\t\t<\/div>\n\t\t\t\t\t<\/div>\n\t\t<\/div>\n\t\t\t\t<div class=\"elementor-column elementor-col-33 elementor-top-column elementor-element elementor-element-f5281b0\" data-id=\"f5281b0\" data-element_type=\"column\">\n\t\t\t<div class=\"elementor-widget-wrap elementor-element-populated\">\n\t\t\t\t\t\t\t\t<div class=\"elementor-element elementor-element-0a08218 elementor-align-center elementor-widget elementor-widget-button\" data-id=\"0a08218\" data-element_type=\"widget\" data-widget_type=\"button.default\">\n\t\t\t\t<div class=\"elementor-widget-container\">\n\t\t\t\t\t<div class=\"elementor-button-wrapper\">\n\t\t\t<a href=\"http:\/\/v2btecnologia.com.br\/website\/demo\" class=\"elementor-button-link elementor-button elementor-size-sm elementor-animation-grow\" role=\"button\">\n\t\t\t\t\t\t<span class=\"elementor-button-content-wrapper\">\n\t\t\t\t\t\t<span class=\"elementor-button-text\">Solicite um login<\/span>\n\t\t<\/span>\n\t\t\t\t\t<\/a>\n\t\t<\/div>\n\t\t\t\t<\/div>\n\t\t\t\t<\/div>\n\t\t\t\t<div class=\"elementor-element elementor-element-8017b33 elementor-widget elementor-widget-text-editor\" data-id=\"8017b33\" data-element_type=\"widget\" data-widget_type=\"text-editor.default\">\n\t\t\t\t<div class=\"elementor-widget-container\">\n\t\t\t\t\t\t\t<p>Teste o V2B agora<\/p>\t\t\t\t\t\t<\/div>\n\t\t\t\t<\/div>\n\t\t\t\t\t<\/div>\n\t\t<\/div>\n\t\t\t\t\t\t\t<\/div>\n\t\t<\/section>\n\t\t\t\t\t\t\t<\/div>\n\t\t<\/div><\/div>","protected":false},"excerpt":{"rendered":"<p>V2B Concilia\u00e7\u00e3o M\u00f3dulo conciliador de cart\u00f5es Concilia\u00e7\u00e3o de cart\u00f5es completa para sua gest\u00e3o Com a tecnologia V2B conciliador de cart\u00f5es sua empresa tem o controle na palma da m\u00e3o com gest\u00e3o financeira eficiente de f\u00e1cil entendimento as confer\u00eancias. Conciliamos mais de 40 adquirentes acima de 100 bandeiras, produtos de d\u00e9bito, cr\u00e9dito a vista, credito parcelado, voucher alimenta\u00e7\u00e3o, refei\u00e7\u00e3o e multibeneficios e tamb\u00e9m o delivery ifood. Identifique oportunidades, ataque os problemas no in\u00edcio, corrija comportamentos e responda r\u00e1pido \u00e0s mudan\u00e7as no desempenho do seu neg\u00f3cio. An\u00e1lises: Concilia\u00e7\u00e3o de vendas Concilia\u00e7\u00e3o de taxas Concilia\u00e7\u00e3o financeira Concilia\u00e7\u00e3o banc\u00e1ria Dashboard Concilia\u00e7\u00e3o banc\u00e1ria Concilia\u00e7\u00e3o taxa MDR Concilia\u00e7\u00e3o vendas Financeiro previsto V2B \u00e9 Intelig\u00eancia Ativa para seu neg\u00f3cio A solu\u00e7\u00e3o V2B alia tecnologia e processos de forma integrada para oferecer ao gestor uma tomada de decis\u00e3o na velocidade dos dados Solicite um login Teste o V2B agora<\/p>\n","protected":false},"author":1,"featured_media":12389,"parent":228,"menu_order":0,"comment_status":"closed","ping_status":"closed","template":"elementor_header_footer","meta":{"footnotes":""},"class_list":["post-22431","page","type-page","status-publish","has-post-thumbnail"],"aioseo_notices":[],"_links":{"self":[{"href":"https:\/\/www.v2btecnologia.com.br\/website\/wp-json\/wp\/v2\/pages\/22431","targetHints":{"allow":["GET"]}}],"collection":[{"href":"https:\/\/www.v2btecnologia.com.br\/website\/wp-json\/wp\/v2\/pages"}],"about":[{"href":"https:\/\/www.v2btecnologia.com.br\/website\/wp-json\/wp\/v2\/types\/page"}],"author":[{"embeddable":true,"href":"https:\/\/www.v2btecnologia.com.br\/website\/wp-json\/wp\/v2\/users\/1"}],"replies":[{"embeddable":true,"href":"https:\/\/www.v2btecnologia.com.br\/website\/wp-json\/wp\/v2\/comments?post=22431"}],"version-history":[{"count":9,"href":"https:\/\/www.v2btecnologia.com.br\/website\/wp-json\/wp\/v2\/pages\/22431\/revisions"}],"predecessor-version":[{"id":22563,"href":"https:\/\/www.v2btecnologia.com.br\/website\/wp-json\/wp\/v2\/pages\/22431\/revisions\/22563"}],"up":[{"embeddable":true,"href":"https:\/\/www.v2btecnologia.com.br\/website\/wp-json\/wp\/v2\/pages\/228"}],"wp:featuredmedia":[{"embeddable":true,"href":"https:\/\/www.v2btecnologia.com.br\/website\/wp-json\/wp\/v2\/media\/12389"}],"wp:attachment":[{"href":"https:\/\/www.v2btecnologia.com.br\/website\/wp-json\/wp\/v2\/media?parent=22431"}],"curies":[{"name":"wp","href":"https:\/\/api.w.org\/{rel}","templated":true}]}}