{"id":22438,"date":"2025-04-25T10:34:25","date_gmt":"2025-04-25T13:34:25","guid":{"rendered":"https:\/\/www.v2btecnologia.com.br\/website\/?page_id=22438"},"modified":"2025-04-27T12:00:06","modified_gmt":"2025-04-27T15:00:06","slug":"ecossistema-financeiro","status":"publish","type":"page","link":"https:\/\/www.v2btecnologia.com.br\/website\/modulos\/ecossistema-financeiro\/","title":{"rendered":"Ecossistema Financeiro"},"content":{"rendered":"<div id=\"dslc-theme-content\"><div id=\"dslc-theme-content-inner\">\t\t<div data-elementor-type=\"wp-page\" data-elementor-id=\"22438\" class=\"elementor elementor-22438\">\n\t\t\t\t\t\t\t\t\t<section class=\"elementor-section elementor-top-section elementor-element elementor-element-f64e272 elementor-section-content-middle elementor-section-boxed elementor-section-height-default elementor-section-height-default\" data-id=\"f64e272\" data-element_type=\"section\" data-settings=\"{&quot;background_background&quot;:&quot;classic&quot;}\">\n\t\t\t\t\t\t\t<div class=\"elementor-background-overlay\"><\/div>\n\t\t\t\t\t\t\t<div class=\"elementor-container elementor-column-gap-no\">\n\t\t\t\t\t<div class=\"elementor-column elementor-col-100 elementor-top-column elementor-element elementor-element-fc33e9d\" data-id=\"fc33e9d\" data-element_type=\"column\">\n\t\t\t<div class=\"elementor-widget-wrap elementor-element-populated\">\n\t\t\t\t\t\t\t\t<div class=\"elementor-element elementor-element-0277a21 elementor-widget elementor-widget-heading\" data-id=\"0277a21\" data-element_type=\"widget\" data-widget_type=\"heading.default\">\n\t\t\t\t<div class=\"elementor-widget-container\">\n\t\t\t<h4 class=\"elementor-heading-title elementor-size-default\">V2B<\/h4>\t\t<\/div>\n\t\t\t\t<\/div>\n\t\t\t\t<div class=\"elementor-element elementor-element-66c4eb3 elementor-widget elementor-widget-heading\" data-id=\"66c4eb3\" data-element_type=\"widget\" data-widget_type=\"heading.default\">\n\t\t\t\t<div class=\"elementor-widget-container\">\n\t\t\t<h1 class=\"elementor-heading-title elementor-size-default\">Ecossistema Financeiro<\/h1>\t\t<\/div>\n\t\t\t\t<\/div>\n\t\t\t\t<div class=\"elementor-element elementor-element-5812487 elementor-widget-divider--view-line elementor-widget elementor-widget-divider\" data-id=\"5812487\" data-element_type=\"widget\" data-widget_type=\"divider.default\">\n\t\t\t\t<div class=\"elementor-widget-container\">\n\t\t\t\t\t<div class=\"elementor-divider\">\n\t\t\t<span class=\"elementor-divider-separator\">\n\t\t\t\t\t\t<\/span>\n\t\t<\/div>\n\t\t\t\t<\/div>\n\t\t\t\t<\/div>\n\t\t\t\t<div class=\"elementor-element elementor-element-615e54b elementor-widget elementor-widget-text-editor\" data-id=\"615e54b\" data-element_type=\"widget\" data-widget_type=\"text-editor.default\">\n\t\t\t\t<div class=\"elementor-widget-container\">\n\t\t\t\t\t\t\t<p>M\u00f3dulo de gest\u00e3o completa para \u00e1rea financeira<\/p>\t\t\t\t\t\t<\/div>\n\t\t\t\t<\/div>\n\t\t\t\t\t<\/div>\n\t\t<\/div>\n\t\t\t\t\t\t\t<\/div>\n\t\t<\/section>\n\t\t\t\t<section class=\"elementor-section elementor-top-section elementor-element elementor-element-906cf30 elementor-section-content-middle elementor-section-boxed elementor-section-height-default elementor-section-height-default\" data-id=\"906cf30\" data-element_type=\"section\">\n\t\t\t\t\t\t<div class=\"elementor-container elementor-column-gap-wide\">\n\t\t\t\t\t<div class=\"elementor-column elementor-col-50 elementor-top-column elementor-element elementor-element-487506a\" data-id=\"487506a\" data-element_type=\"column\">\n\t\t\t<div class=\"elementor-widget-wrap elementor-element-populated\">\n\t\t\t\t\t\t\t\t<div class=\"elementor-element elementor-element-5b1f76f elementor-widget elementor-widget-heading\" data-id=\"5b1f76f\" data-element_type=\"widget\" data-widget_type=\"heading.default\">\n\t\t\t\t<div class=\"elementor-widget-container\">\n\t\t\t<h2 class=\"elementor-heading-title elementor-size-default\">Facilite a sua gest\u00e3o financeira com o ecossistema V2B \n\n<\/h2>\t\t<\/div>\n\t\t\t\t<\/div>\n\t\t\t\t<div class=\"elementor-element elementor-element-1336304 elementor-widget-divider--view-line elementor-widget elementor-widget-divider\" data-id=\"1336304\" data-element_type=\"widget\" data-widget_type=\"divider.default\">\n\t\t\t\t<div class=\"elementor-widget-container\">\n\t\t\t\t\t<div class=\"elementor-divider\">\n\t\t\t<span class=\"elementor-divider-separator\">\n\t\t\t\t\t\t<\/span>\n\t\t<\/div>\n\t\t\t\t<\/div>\n\t\t\t\t<\/div>\n\t\t\t\t<div class=\"elementor-element elementor-element-441590a elementor-widget elementor-widget-text-editor\" data-id=\"441590a\" data-element_type=\"widget\" data-widget_type=\"text-editor.default\">\n\t\t\t\t<div class=\"elementor-widget-container\">\n\t\t\t\t\t\t\t<p>Tenha acesso instant\u00e2neo a todo o seu fluxo financeiro por meio de m\u00f3dulo robusto e inteligente &#8211; an\u00e1lise completa, relat\u00f3rios interativos, analisa as condi\u00e7\u00f5es comerciais, contratadas verso as condi\u00e7\u00f5es aplicadas pelas adquirentes, detecta diverg\u00eancias f\u00e1cil visualiza\u00e7\u00e3o para corre\u00e7\u00e3o, evitando assim perdas financeiras.<\/p><p>Com a intelig\u00eancia artificial desse BI (Business Intelligence) tudo fica mais f\u00e1cil, pois a captura da informa\u00e7\u00e3o de v\u00e1rias bases e pontos, torna a apresenta\u00e7\u00e3o e verifica\u00e7\u00e3o de forma objetiva.<br \/>Processos e valores financeiros divergentes, ORE que n\u00e3o fecha, possibilitando erros e poss\u00edveis perdas financeiras. Diga adeus para esses processos e venha conhecer o ecossistema V2B.<\/p>\t\t\t\t\t\t<\/div>\n\t\t\t\t<\/div>\n\t\t\t\t\t<\/div>\n\t\t<\/div>\n\t\t\t\t<div class=\"elementor-column elementor-col-50 elementor-top-column elementor-element elementor-element-6fa6b24\" data-id=\"6fa6b24\" data-element_type=\"column\">\n\t\t\t<div class=\"elementor-widget-wrap elementor-element-populated\">\n\t\t\t\t\t\t\t\t<div class=\"elementor-element elementor-element-96a12f2 elementor-widget elementor-widget-heading\" data-id=\"96a12f2\" data-element_type=\"widget\" data-widget_type=\"heading.default\">\n\t\t\t\t<div class=\"elementor-widget-container\">\n\t\t\t<h3 class=\"elementor-heading-title elementor-size-default\">An\u00e1lises:\n\n<\/h3>\t\t<\/div>\n\t\t\t\t<\/div>\n\t\t\t\t<div class=\"elementor-element elementor-element-ba5f9b8 elementor-position-left elementor-vertical-align-middle elementor-view-default elementor-mobile-position-top elementor-widget elementor-widget-icon-box\" data-id=\"ba5f9b8\" data-element_type=\"widget\" data-widget_type=\"icon-box.default\">\n\t\t\t\t<div class=\"elementor-widget-container\">\n\t\t\t\t\t<div class=\"elementor-icon-box-wrapper\">\n\t\t\t\t\t\t<div class=\"elementor-icon-box-icon\">\n\t\t\t\t<span class=\"elementor-icon elementor-animation-grow\" >\n\t\t\t\t<i aria-hidden=\"true\" class=\"fas fa-chevron-right\"><\/i>\t\t\t\t<\/span>\n\t\t\t<\/div>\n\t\t\t\t\t\t<div class=\"elementor-icon-box-content\">\n\t\t\t\t<h4 class=\"elementor-icon-box-title\">\n\t\t\t\t\t<span  >\n\t\t\t\t\t\tCAPTURA RELAT\u00d3RIO DAS VENDAS De ERP E TEF\t\t\t\t\t<\/span>\n\t\t\t\t<\/h4>\n\t\t\t\t\t\t\t<\/div>\n\t\t<\/div>\n\t\t\t\t<\/div>\n\t\t\t\t<\/div>\n\t\t\t\t<div class=\"elementor-element elementor-element-7018221 elementor-position-left elementor-vertical-align-middle elementor-view-default elementor-mobile-position-top elementor-widget elementor-widget-icon-box\" data-id=\"7018221\" data-element_type=\"widget\" data-widget_type=\"icon-box.default\">\n\t\t\t\t<div class=\"elementor-widget-container\">\n\t\t\t\t\t<div class=\"elementor-icon-box-wrapper\">\n\t\t\t\t\t\t<div class=\"elementor-icon-box-icon\">\n\t\t\t\t<span class=\"elementor-icon elementor-animation-grow\" >\n\t\t\t\t<i aria-hidden=\"true\" class=\"fas fa-chevron-right\"><\/i>\t\t\t\t<\/span>\n\t\t\t<\/div>\n\t\t\t\t\t\t<div class=\"elementor-icon-box-content\">\n\t\t\t\t<h4 class=\"elementor-icon-box-title\">\n\t\t\t\t\t<span  >\n\t\t\t\t\t\tCAPTURA BASE DE DADOS DAS PLATAFORMAS DE DELIVERY\t\t\t\t\t<\/span>\n\t\t\t\t<\/h4>\n\t\t\t\t\t\t\t<\/div>\n\t\t<\/div>\n\t\t\t\t<\/div>\n\t\t\t\t<\/div>\n\t\t\t\t<div class=\"elementor-element elementor-element-22882ac elementor-position-left elementor-vertical-align-middle elementor-view-default elementor-mobile-position-top elementor-widget elementor-widget-icon-box\" data-id=\"22882ac\" data-element_type=\"widget\" data-widget_type=\"icon-box.default\">\n\t\t\t\t<div class=\"elementor-widget-container\">\n\t\t\t\t\t<div class=\"elementor-icon-box-wrapper\">\n\t\t\t\t\t\t<div class=\"elementor-icon-box-icon\">\n\t\t\t\t<span class=\"elementor-icon elementor-animation-grow\" >\n\t\t\t\t<i aria-hidden=\"true\" class=\"fas fa-chevron-right\"><\/i>\t\t\t\t<\/span>\n\t\t\t<\/div>\n\t\t\t\t\t\t<div class=\"elementor-icon-box-content\">\n\t\t\t\t<h4 class=\"elementor-icon-box-title\">\n\t\t\t\t\t<span  >\n\t\t\t\t\t\tCARTEIRAS DIGITAIS\t\t\t\t\t<\/span>\n\t\t\t\t<\/h4>\n\t\t\t\t\t\t\t<\/div>\n\t\t<\/div>\n\t\t\t\t<\/div>\n\t\t\t\t<\/div>\n\t\t\t\t<div class=\"elementor-element elementor-element-c05e583 elementor-position-left elementor-vertical-align-middle elementor-view-default elementor-mobile-position-top elementor-widget elementor-widget-icon-box\" data-id=\"c05e583\" data-element_type=\"widget\" data-widget_type=\"icon-box.default\">\n\t\t\t\t<div class=\"elementor-widget-container\">\n\t\t\t\t\t<div class=\"elementor-icon-box-wrapper\">\n\t\t\t\t\t\t<div class=\"elementor-icon-box-icon\">\n\t\t\t\t<span class=\"elementor-icon elementor-animation-grow\" >\n\t\t\t\t<i aria-hidden=\"true\" class=\"fas fa-chevron-right\"><\/i>\t\t\t\t<\/span>\n\t\t\t<\/div>\n\t\t\t\t\t\t<div class=\"elementor-icon-box-content\">\n\t\t\t\t<h4 class=\"elementor-icon-box-title\">\n\t\t\t\t\t<span  >\n\t\t\t\t\t\tCRUZAMENTO DAS TAXAS ENTRE O SISTEMA DA LOJA COM O DAS ADQUIRENTES\t\t\t\t\t<\/span>\n\t\t\t\t<\/h4>\n\t\t\t\t\t\t\t<\/div>\n\t\t<\/div>\n\t\t\t\t<\/div>\n\t\t\t\t<\/div>\n\t\t\t\t<div class=\"elementor-element elementor-element-4fb911c elementor-position-left elementor-vertical-align-middle elementor-view-default elementor-mobile-position-top elementor-widget elementor-widget-icon-box\" data-id=\"4fb911c\" data-element_type=\"widget\" data-widget_type=\"icon-box.default\">\n\t\t\t\t<div class=\"elementor-widget-container\">\n\t\t\t\t\t<div class=\"elementor-icon-box-wrapper\">\n\t\t\t\t\t\t<div class=\"elementor-icon-box-icon\">\n\t\t\t\t<span class=\"elementor-icon elementor-animation-grow\" >\n\t\t\t\t<i aria-hidden=\"true\" class=\"fas fa-chevron-right\"><\/i>\t\t\t\t<\/span>\n\t\t\t<\/div>\n\t\t\t\t\t\t<div class=\"elementor-icon-box-content\">\n\t\t\t\t<h4 class=\"elementor-icon-box-title\">\n\t\t\t\t\t<span  >\n\t\t\t\t\t\tCONFER\u00caNCIA EM TODAS AS ESFERAS\t\t\t\t\t<\/span>\n\t\t\t\t<\/h4>\n\t\t\t\t\t\t\t<\/div>\n\t\t<\/div>\n\t\t\t\t<\/div>\n\t\t\t\t<\/div>\n\t\t\t\t\t<\/div>\n\t\t<\/div>\n\t\t\t\t\t\t\t<\/div>\n\t\t<\/section>\n\t\t\t\t<section class=\"elementor-section elementor-top-section elementor-element elementor-element-c96b14a elementor-section-boxed elementor-section-height-default elementor-section-height-default\" data-id=\"c96b14a\" data-element_type=\"section\" data-settings=\"{&quot;background_background&quot;:&quot;classic&quot;}\">\n\t\t\t\t\t\t<div class=\"elementor-container elementor-column-gap-default\">\n\t\t\t\t\t<div class=\"elementor-column elementor-col-100 elementor-top-column elementor-element elementor-element-370f5b4\" data-id=\"370f5b4\" data-element_type=\"column\">\n\t\t\t<div class=\"elementor-widget-wrap elementor-element-populated\">\n\t\t\t\t\t\t\t\t<div class=\"elementor-element elementor-element-0a4858a gallery-spacing-custom elementor-invisible elementor-widget elementor-widget-image-gallery\" data-id=\"0a4858a\" data-element_type=\"widget\" data-settings=\"{&quot;_animation&quot;:&quot;fadeInUp&quot;}\" data-widget_type=\"image-gallery.default\">\n\t\t\t\t<div class=\"elementor-widget-container\">\n\t\t\t\t\t<div class=\"elementor-image-gallery\">\n\t\t\t<div id='gallery-1' class='gallery galleryid-22438 gallery-columns-1 gallery-size-large'><figure class='gallery-item'>\n\t\t\t<div class='gallery-icon landscape'>\n\t\t\t\t<img loading=\"lazy\" decoding=\"async\" width=\"800\" height=\"312\" src=\"https:\/\/www.v2btecnologia.com.br\/website\/wp-content\/uploads\/2025\/04\/pscr1-1024x399.jpg\" class=\"attachment-large size-large\" alt=\"\" srcset=\"https:\/\/www.v2btecnologia.com.br\/website\/wp-content\/uploads\/2025\/04\/pscr1-1024x399.jpg 1024w, https:\/\/www.v2btecnologia.com.br\/website\/wp-content\/uploads\/2025\/04\/pscr1-300x117.jpg 300w, https:\/\/www.v2btecnologia.com.br\/website\/wp-content\/uploads\/2025\/04\/pscr1-768x299.jpg 768w, https:\/\/www.v2btecnologia.com.br\/website\/wp-content\/uploads\/2025\/04\/pscr1.jpg 1280w\" sizes=\"auto, (max-width: 800px) 100vw, 800px\" \/>\n\t\t\t<\/div><\/figure>\n\t\t<\/div>\n\t\t<\/div>\n\t\t\t\t<\/div>\n\t\t\t\t<\/div>\n\t\t\t\t\t<\/div>\n\t\t<\/div>\n\t\t\t\t\t\t\t<\/div>\n\t\t<\/section>\n\t\t\t\t<section class=\"elementor-section elementor-top-section elementor-element elementor-element-9951f72 elementor-section-boxed elementor-section-height-default elementor-section-height-default\" data-id=\"9951f72\" data-element_type=\"section\" data-settings=\"{&quot;background_background&quot;:&quot;classic&quot;}\">\n\t\t\t\t\t\t<div class=\"elementor-container elementor-column-gap-default\">\n\t\t\t\t\t<div class=\"elementor-column elementor-col-100 elementor-top-column elementor-element elementor-element-afaf2e1\" data-id=\"afaf2e1\" data-element_type=\"column\">\n\t\t\t<div class=\"elementor-widget-wrap elementor-element-populated\">\n\t\t\t\t\t\t\t\t<div class=\"elementor-element elementor-element-cb20adf animated-slow gallery-spacing-custom elementor-invisible elementor-widget elementor-widget-image-gallery\" data-id=\"cb20adf\" data-element_type=\"widget\" data-settings=\"{&quot;_animation&quot;:&quot;fadeIn&quot;}\" data-widget_type=\"image-gallery.default\">\n\t\t\t\t<div class=\"elementor-widget-container\">\n\t\t\t\t\t<div class=\"elementor-image-gallery\">\n\t\t\t<div id='gallery-2' class='gallery galleryid-22438 gallery-columns-1 gallery-size-large'><figure class='gallery-item'>\n\t\t\t<div class='gallery-icon landscape'>\n\t\t\t\t<img loading=\"lazy\" decoding=\"async\" width=\"800\" height=\"413\" src=\"https:\/\/www.v2btecnologia.com.br\/website\/wp-content\/uploads\/2025\/04\/Ecossistemadashboard-1024x528.png\" class=\"attachment-large size-large\" alt=\"\" aria-describedby=\"gallery-2-22548\" srcset=\"https:\/\/www.v2btecnologia.com.br\/website\/wp-content\/uploads\/2025\/04\/Ecossistemadashboard-1024x528.png 1024w, https:\/\/www.v2btecnologia.com.br\/website\/wp-content\/uploads\/2025\/04\/Ecossistemadashboard-300x155.png 300w, https:\/\/www.v2btecnologia.com.br\/website\/wp-content\/uploads\/2025\/04\/Ecossistemadashboard-768x396.png 768w, https:\/\/www.v2btecnologia.com.br\/website\/wp-content\/uploads\/2025\/04\/Ecossistemadashboard-1536x792.png 1536w, https:\/\/www.v2btecnologia.com.br\/website\/wp-content\/uploads\/2025\/04\/Ecossistemadashboard.png 1907w\" sizes=\"auto, (max-width: 800px) 100vw, 800px\" \/>\n\t\t\t<\/div>\n\t\t\t\t<figcaption class='wp-caption-text gallery-caption' id='gallery-2-22548'>\n\t\t\t\tDashboard\n\t\t\t\t<\/figcaption><\/figure><figure class='gallery-item'>\n\t\t\t<div class='gallery-icon landscape'>\n\t\t\t\t<img loading=\"lazy\" decoding=\"async\" width=\"800\" height=\"402\" src=\"https:\/\/www.v2btecnologia.com.br\/website\/wp-content\/uploads\/2025\/04\/EcossistemaCobrancas-Operadora-1024x515.png\" class=\"attachment-large size-large\" alt=\"\" aria-describedby=\"gallery-2-22547\" srcset=\"https:\/\/www.v2btecnologia.com.br\/website\/wp-content\/uploads\/2025\/04\/EcossistemaCobrancas-Operadora-1024x515.png 1024w, https:\/\/www.v2btecnologia.com.br\/website\/wp-content\/uploads\/2025\/04\/EcossistemaCobrancas-Operadora-300x151.png 300w, https:\/\/www.v2btecnologia.com.br\/website\/wp-content\/uploads\/2025\/04\/EcossistemaCobrancas-Operadora-768x386.png 768w, https:\/\/www.v2btecnologia.com.br\/website\/wp-content\/uploads\/2025\/04\/EcossistemaCobrancas-Operadora-1536x772.png 1536w, https:\/\/www.v2btecnologia.com.br\/website\/wp-content\/uploads\/2025\/04\/EcossistemaCobrancas-Operadora.png 1903w\" sizes=\"auto, (max-width: 800px) 100vw, 800px\" \/>\n\t\t\t<\/div>\n\t\t\t\t<figcaption class='wp-caption-text gallery-caption' id='gallery-2-22547'>\n\t\t\t\tCobran\u00e7as Operadora\n\t\t\t\t<\/figcaption><\/figure>\n\t\t<\/div>\n\t\t<\/div>\n\t\t\t\t<\/div>\n\t\t\t\t<\/div>\n\t\t\t\t\t<\/div>\n\t\t<\/div>\n\t\t\t\t\t\t\t<\/div>\n\t\t<\/section>\n\t\t\t\t<section class=\"elementor-section elementor-top-section elementor-element elementor-element-eca8e09 elementor-section-content-top elementor-section-boxed elementor-section-height-default elementor-section-height-default\" data-id=\"eca8e09\" data-element_type=\"section\" data-settings=\"{&quot;background_background&quot;:&quot;classic&quot;}\">\n\t\t\t\t\t\t<div class=\"elementor-container elementor-column-gap-default\">\n\t\t\t\t\t<div class=\"elementor-column elementor-col-33 elementor-top-column elementor-element elementor-element-e9a7337\" data-id=\"e9a7337\" data-element_type=\"column\">\n\t\t\t<div class=\"elementor-widget-wrap elementor-element-populated\">\n\t\t\t\t\t\t\t\t<div class=\"elementor-element elementor-element-5077134 elementor-widget elementor-widget-heading\" data-id=\"5077134\" data-element_type=\"widget\" data-widget_type=\"heading.default\">\n\t\t\t\t<div class=\"elementor-widget-container\">\n\t\t\t<h2 class=\"elementor-heading-title elementor-size-default\">V2B \u00e9 Intelig\u00eancia Ativa para seu neg\u00f3cio<\/h2>\t\t<\/div>\n\t\t\t\t<\/div>\n\t\t\t\t\t<\/div>\n\t\t<\/div>\n\t\t\t\t<div class=\"elementor-column elementor-col-33 elementor-top-column elementor-element elementor-element-291d148\" data-id=\"291d148\" data-element_type=\"column\">\n\t\t\t<div class=\"elementor-widget-wrap elementor-element-populated\">\n\t\t\t\t\t\t\t\t<div class=\"elementor-element elementor-element-a029924 elementor-widget elementor-widget-text-editor\" data-id=\"a029924\" data-element_type=\"widget\" data-widget_type=\"text-editor.default\">\n\t\t\t\t<div class=\"elementor-widget-container\">\n\t\t\t\t\t\t\t<p>A solu\u00e7\u00e3o V2B alia tecnologia e processos de forma integrada para oferecer ao gestor uma tomada de decis\u00e3o na velocidade dos dados<\/p>\t\t\t\t\t\t<\/div>\n\t\t\t\t<\/div>\n\t\t\t\t\t<\/div>\n\t\t<\/div>\n\t\t\t\t<div class=\"elementor-column elementor-col-33 elementor-top-column elementor-element elementor-element-f5281b0\" data-id=\"f5281b0\" data-element_type=\"column\">\n\t\t\t<div class=\"elementor-widget-wrap elementor-element-populated\">\n\t\t\t\t\t\t\t\t<div class=\"elementor-element elementor-element-0a08218 elementor-align-center elementor-widget elementor-widget-button\" data-id=\"0a08218\" data-element_type=\"widget\" data-widget_type=\"button.default\">\n\t\t\t\t<div class=\"elementor-widget-container\">\n\t\t\t\t\t<div class=\"elementor-button-wrapper\">\n\t\t\t<a href=\"http:\/\/v2btecnologia.com.br\/website\/demo\" class=\"elementor-button-link elementor-button elementor-size-sm elementor-animation-grow\" role=\"button\">\n\t\t\t\t\t\t<span class=\"elementor-button-content-wrapper\">\n\t\t\t\t\t\t<span class=\"elementor-button-text\">Solicite um login<\/span>\n\t\t<\/span>\n\t\t\t\t\t<\/a>\n\t\t<\/div>\n\t\t\t\t<\/div>\n\t\t\t\t<\/div>\n\t\t\t\t<div class=\"elementor-element elementor-element-8017b33 elementor-widget elementor-widget-text-editor\" data-id=\"8017b33\" data-element_type=\"widget\" data-widget_type=\"text-editor.default\">\n\t\t\t\t<div class=\"elementor-widget-container\">\n\t\t\t\t\t\t\t<p>Teste o V2B agora<\/p>\t\t\t\t\t\t<\/div>\n\t\t\t\t<\/div>\n\t\t\t\t\t<\/div>\n\t\t<\/div>\n\t\t\t\t\t\t\t<\/div>\n\t\t<\/section>\n\t\t\t\t\t\t\t<\/div>\n\t\t<\/div><\/div>","protected":false},"excerpt":{"rendered":"<p>V2B Ecossistema Financeiro M\u00f3dulo de gest\u00e3o completa para \u00e1rea financeira Facilite a sua gest\u00e3o financeira com o ecossistema V2B Tenha acesso instant\u00e2neo a todo o seu fluxo financeiro por meio de m\u00f3dulo robusto e inteligente &#8211; an\u00e1lise completa, relat\u00f3rios interativos, analisa as condi\u00e7\u00f5es comerciais, contratadas verso as condi\u00e7\u00f5es aplicadas pelas adquirentes, detecta diverg\u00eancias f\u00e1cil visualiza\u00e7\u00e3o para corre\u00e7\u00e3o, evitando assim perdas financeiras. Com a intelig\u00eancia artificial desse BI (Business Intelligence) tudo fica mais f\u00e1cil, pois a captura da informa\u00e7\u00e3o de v\u00e1rias bases e pontos, torna a apresenta\u00e7\u00e3o e verifica\u00e7\u00e3o de forma objetiva.Processos e valores financeiros divergentes, ORE que n\u00e3o fecha, possibilitando erros e poss\u00edveis perdas financeiras. Diga adeus para esses processos e venha conhecer o ecossistema V2B. An\u00e1lises: CAPTURA RELAT\u00d3RIO DAS VENDAS De ERP E TEF CAPTURA BASE DE DADOS DAS PLATAFORMAS DE DELIVERY CARTEIRAS DIGITAIS CRUZAMENTO DAS TAXAS ENTRE O SISTEMA DA LOJA COM O DAS ADQUIRENTES CONFER\u00caNCIA EM TODAS&hellip;<\/p>\n<p> <a class=\"more-link\" href=\"https:\/\/www.v2btecnologia.com.br\/website\/modulos\/ecossistema-financeiro\/\">Leia mais<\/a><\/p>\n","protected":false},"author":1,"featured_media":12389,"parent":228,"menu_order":0,"comment_status":"closed","ping_status":"closed","template":"elementor_header_footer","meta":{"footnotes":""},"class_list":["post-22438","page","type-page","status-publish","has-post-thumbnail"],"aioseo_notices":[],"_links":{"self":[{"href":"https:\/\/www.v2btecnologia.com.br\/website\/wp-json\/wp\/v2\/pages\/22438","targetHints":{"allow":["GET"]}}],"collection":[{"href":"https:\/\/www.v2btecnologia.com.br\/website\/wp-json\/wp\/v2\/pages"}],"about":[{"href":"https:\/\/www.v2btecnologia.com.br\/website\/wp-json\/wp\/v2\/types\/page"}],"author":[{"embeddable":true,"href":"https:\/\/www.v2btecnologia.com.br\/website\/wp-json\/wp\/v2\/users\/1"}],"replies":[{"embeddable":true,"href":"https:\/\/www.v2btecnologia.com.br\/website\/wp-json\/wp\/v2\/comments?post=22438"}],"version-history":[{"count":30,"href":"https:\/\/www.v2btecnologia.com.br\/website\/wp-json\/wp\/v2\/pages\/22438\/revisions"}],"predecessor-version":[{"id":22554,"href":"https:\/\/www.v2btecnologia.com.br\/website\/wp-json\/wp\/v2\/pages\/22438\/revisions\/22554"}],"up":[{"embeddable":true,"href":"https:\/\/www.v2btecnologia.com.br\/website\/wp-json\/wp\/v2\/pages\/228"}],"wp:featuredmedia":[{"embeddable":true,"href":"https:\/\/www.v2btecnologia.com.br\/website\/wp-json\/wp\/v2\/media\/12389"}],"wp:attachment":[{"href":"https:\/\/www.v2btecnologia.com.br\/website\/wp-json\/wp\/v2\/media?parent=22438"}],"curies":[{"name":"wp","href":"https:\/\/api.w.org\/{rel}","templated":true}]}}