{"id":232,"date":"2014-07-11T21:57:08","date_gmt":"2014-07-12T00:57:08","guid":{"rendered":"https:\/\/www.v2btecnologia.com.br\/website\/?page_id=232"},"modified":"2021-04-29T16:08:33","modified_gmt":"2021-04-29T19:08:33","slug":"empresa","status":"publish","type":"page","link":"https:\/\/www.v2btecnologia.com.br\/website\/empresa\/","title":{"rendered":"Empresa"},"content":{"rendered":"<div id=\"dslc-theme-content\"><div id=\"dslc-theme-content-inner\"><h1>Empresa<\/h1>\n<p>A Vision to Business Tecnologia \u00e9 uma empresa de desenvolvimento e servi\u00e7os voltada \u00e0 \u00e1rea de Tecnologia de Informa\u00e7\u00e3o e Neg\u00f3cios. A V2B nasceu de um projeto &#8220;desafiador&#8221; para prover solu\u00e7\u00e3o inteligente na complexa gest\u00e3o de p\u00f3s vendas para grandes grupos de concession\u00e1rias de ve\u00edculos; s\u00e3o 4 anos de expertise em projetos de Business Intelligence no modelo Software Como Servi\u00e7o (Saas), somados a mais de 10 anos de experi\u00eancia com projetos de Business Intelligence sob demanda para organiza\u00e7\u00f5es de m\u00e9dio e grande porte.<\/p>\n<p>Nosso diferencial competitivo est\u00e1 na realiza\u00e7\u00e3o de nossos produtos e servi\u00e7os com aten\u00e7\u00e3o especial para cada cliente, objetivando o sucesso de sua organiza\u00e7\u00e3o atrav\u00e9s de uma plataforma inteligente, capaz de agilizar processos complexos de decis\u00e3o.<\/p>\n<p><strong>Miss\u00e3o<\/strong><br \/>\nSimplificar decis\u00f5es para todos em qualquer lugar.<\/p>\n<p><strong>Prop\u00f3sito<\/strong><br \/>\nAjudar no crescimento das empresas atrav\u00e9s do acesso a informa\u00e7\u00e3o correta de forma f\u00e1cil e com seguran\u00e7a.<\/p>\n<p><img loading=\"lazy\" decoding=\"async\" class=\"size-full wp-image-404 alignleft\" src=\"https:\/\/www.v2btecnologia.com.br\/website\/wp-content\/uploads\/2014\/07\/QV_powered.jpg\" alt=\"QV_powered\" width=\"146\" height=\"87\" srcset=\"https:\/\/www.v2btecnologia.com.br\/website\/wp-content\/uploads\/2014\/07\/QV_powered.jpg 342w, https:\/\/www.v2btecnologia.com.br\/website\/wp-content\/uploads\/2014\/07\/QV_powered-300x179.jpg 300w\" sizes=\"auto, (max-width: 146px) 100vw, 146px\" \/><\/p>\n<h4><span style=\"color: #008000;\">A V2B \u00e9 parceira internacional da QlikTech \u2013 modelo OEM Partner.<\/span><\/h4>\n<hr \/>\n<h4><span style=\"color: #ff6600;\"><strong>Pr\u00eamios<\/strong><\/span><\/h4>\n<ul>\n<li>Eleita segunda melhor empresa de inova\u00e7\u00e3o do Brasil em 2013- ANPROTEC (categoria incubada)<\/li>\n<li>Finalista no Desafio Senai 2013 de inova\u00e7\u00e3o<\/li>\n<\/ul>\n<\/div><\/div>","protected":false},"excerpt":{"rendered":"<p>Empresa A Vision to Business Tecnologia \u00e9 uma empresa de desenvolvimento e servi\u00e7os voltada \u00e0 \u00e1rea de Tecnologia de Informa\u00e7\u00e3o e Neg\u00f3cios. A V2B nasceu de um projeto &#8220;desafiador&#8221; para prover solu\u00e7\u00e3o inteligente na complexa gest\u00e3o de p\u00f3s vendas para grandes grupos de concession\u00e1rias de ve\u00edculos; s\u00e3o 4 anos de expertise em projetos de Business Intelligence no modelo Software Como Servi\u00e7o (Saas), somados a mais de 10 anos de experi\u00eancia com projetos de Business Intelligence sob demanda para organiza\u00e7\u00f5es de m\u00e9dio e grande porte. Nosso diferencial competitivo est\u00e1 na realiza\u00e7\u00e3o de nossos produtos e servi\u00e7os com aten\u00e7\u00e3o especial para cada cliente, objetivando o sucesso de sua organiza\u00e7\u00e3o atrav\u00e9s de uma plataforma inteligente, capaz de agilizar processos complexos de decis\u00e3o. Miss\u00e3o Simplificar decis\u00f5es para todos em qualquer lugar. Prop\u00f3sito Ajudar no crescimento das empresas atrav\u00e9s do acesso a informa\u00e7\u00e3o correta de forma f\u00e1cil e com seguran\u00e7a. A V2B \u00e9 parceira internacional&hellip;<\/p>\n<p> <a class=\"more-link\" href=\"https:\/\/www.v2btecnologia.com.br\/website\/empresa\/\">Leia mais<\/a><\/p>\n","protected":false},"author":1,"featured_media":0,"parent":0,"menu_order":0,"comment_status":"closed","ping_status":"open","template":"","meta":{"footnotes":""},"class_list":["post-232","page","type-page","status-publish"],"aioseo_notices":[],"_links":{"self":[{"href":"https:\/\/www.v2btecnologia.com.br\/website\/wp-json\/wp\/v2\/pages\/232","targetHints":{"allow":["GET"]}}],"collection":[{"href":"https:\/\/www.v2btecnologia.com.br\/website\/wp-json\/wp\/v2\/pages"}],"about":[{"href":"https:\/\/www.v2btecnologia.com.br\/website\/wp-json\/wp\/v2\/types\/page"}],"author":[{"embeddable":true,"href":"https:\/\/www.v2btecnologia.com.br\/website\/wp-json\/wp\/v2\/users\/1"}],"replies":[{"embeddable":true,"href":"https:\/\/www.v2btecnologia.com.br\/website\/wp-json\/wp\/v2\/comments?post=232"}],"version-history":[{"count":14,"href":"https:\/\/www.v2btecnologia.com.br\/website\/wp-json\/wp\/v2\/pages\/232\/revisions"}],"predecessor-version":[{"id":13677,"href":"https:\/\/www.v2btecnologia.com.br\/website\/wp-json\/wp\/v2\/pages\/232\/revisions\/13677"}],"wp:attachment":[{"href":"https:\/\/www.v2btecnologia.com.br\/website\/wp-json\/wp\/v2\/media?parent=232"}],"curies":[{"name":"wp","href":"https:\/\/api.w.org\/{rel}","templated":true}]}}