{"id":53,"date":"2013-10-21T11:38:10","date_gmt":"2013-10-21T11:38:10","guid":{"rendered":"https:\/\/www.v2btecnologia.com.br\/website\/?page_id=53"},"modified":"2021-04-19T15:43:03","modified_gmt":"2021-04-19T18:43:03","slug":"recursos","status":"publish","type":"page","link":"https:\/\/www.v2btecnologia.com.br\/website\/recursos\/","title":{"rendered":"Recursos"},"content":{"rendered":"<div id=\"dslc-theme-content\"><div id=\"dslc-theme-content-inner\">\t\t<div data-elementor-type=\"wp-page\" data-elementor-id=\"53\" class=\"elementor elementor-53\">\n\t\t\t\t\t\t\t\t\t<section class=\"elementor-section elementor-top-section elementor-element elementor-element-f64e272 elementor-section-content-middle elementor-section-boxed elementor-section-height-default elementor-section-height-default\" data-id=\"f64e272\" data-element_type=\"section\" data-settings=\"{&quot;background_background&quot;:&quot;classic&quot;}\">\n\t\t\t\t\t\t\t<div class=\"elementor-background-overlay\"><\/div>\n\t\t\t\t\t\t\t<div class=\"elementor-container elementor-column-gap-no\">\n\t\t\t\t\t<div class=\"elementor-column elementor-col-100 elementor-top-column elementor-element elementor-element-fc33e9d\" data-id=\"fc33e9d\" data-element_type=\"column\">\n\t\t\t<div class=\"elementor-widget-wrap elementor-element-populated\">\n\t\t\t\t\t\t\t\t<div class=\"elementor-element elementor-element-66c4eb3 elementor-widget elementor-widget-heading\" data-id=\"66c4eb3\" data-element_type=\"widget\" data-widget_type=\"heading.default\">\n\t\t\t\t<div class=\"elementor-widget-container\">\n\t\t\t<h1 class=\"elementor-heading-title elementor-size-default\">Recursos<\/h1>\t\t<\/div>\n\t\t\t\t<\/div>\n\t\t\t\t<div class=\"elementor-element elementor-element-5812487 elementor-widget-divider--view-line elementor-widget elementor-widget-divider\" data-id=\"5812487\" data-element_type=\"widget\" data-widget_type=\"divider.default\">\n\t\t\t\t<div class=\"elementor-widget-container\">\n\t\t\t\t\t<div class=\"elementor-divider\">\n\t\t\t<span class=\"elementor-divider-separator\">\n\t\t\t\t\t\t<\/span>\n\t\t<\/div>\n\t\t\t\t<\/div>\n\t\t\t\t<\/div>\n\t\t\t\t<div class=\"elementor-element elementor-element-615e54b elementor-widget elementor-widget-text-editor\" data-id=\"615e54b\" data-element_type=\"widget\" data-widget_type=\"text-editor.default\">\n\t\t\t\t<div class=\"elementor-widget-container\">\n\t\t\t\t\t\t\t<p>O V2B \u00e9 um SaaS baseado em Qlik capaz de realizar an\u00e1lises completas para diversas \u00e1reas gerenciais de forma r\u00e1pida e inteligente, por meio de gr\u00e1ficos e relat\u00f3rios visuais precisos.<\/p>\t\t\t\t\t\t<\/div>\n\t\t\t\t<\/div>\n\t\t\t\t\t<\/div>\n\t\t<\/div>\n\t\t\t\t\t\t\t<\/div>\n\t\t<\/section>\n\t\t\t\t<section class=\"elementor-section elementor-top-section elementor-element elementor-element-508ae60 elementor-section-content-middle elementor-section-boxed elementor-section-height-default elementor-section-height-default\" data-id=\"508ae60\" data-element_type=\"section\" data-settings=\"{&quot;background_background&quot;:&quot;classic&quot;}\">\n\t\t\t\t\t\t\t<div class=\"elementor-background-overlay\"><\/div>\n\t\t\t\t\t\t\t<div class=\"elementor-container elementor-column-gap-default\">\n\t\t\t\t\t<div class=\"elementor-column elementor-col-50 elementor-top-column elementor-element elementor-element-dd89456\" data-id=\"dd89456\" data-element_type=\"column\">\n\t\t\t<div class=\"elementor-widget-wrap elementor-element-populated\">\n\t\t\t\t\t\t\t\t<div class=\"elementor-element elementor-element-5c342e2 elementor-widget elementor-widget-heading\" data-id=\"5c342e2\" data-element_type=\"widget\" data-widget_type=\"heading.default\">\n\t\t\t\t<div class=\"elementor-widget-container\">\n\t\t\t<h2 class=\"elementor-heading-title elementor-size-default\">Data Analytics descomplicado<\/h2>\t\t<\/div>\n\t\t\t\t<\/div>\n\t\t\t\t<div class=\"elementor-element elementor-element-ceaa404 elementor-widget elementor-widget-image\" data-id=\"ceaa404\" data-element_type=\"widget\" data-widget_type=\"image.default\">\n\t\t\t\t<div class=\"elementor-widget-container\">\n\t\t\t\t\t\t\t\t\t\t\t\t\t\t\t<img loading=\"lazy\" decoding=\"async\" width=\"800\" height=\"387\" src=\"https:\/\/www.v2btecnologia.com.br\/website\/wp-content\/uploads\/2021\/04\/com04-1024x495.png\" class=\"attachment-large size-large\" alt=\"\" srcset=\"https:\/\/www.v2btecnologia.com.br\/website\/wp-content\/uploads\/2021\/04\/com04-1024x495.png 1024w, https:\/\/www.v2btecnologia.com.br\/website\/wp-content\/uploads\/2021\/04\/com04-300x145.png 300w, https:\/\/www.v2btecnologia.com.br\/website\/wp-content\/uploads\/2021\/04\/com04-768x371.png 768w, https:\/\/www.v2btecnologia.com.br\/website\/wp-content\/uploads\/2021\/04\/com04.png 1366w\" sizes=\"auto, (max-width: 800px) 100vw, 800px\" \/>\t\t\t\t\t\t\t\t\t\t\t\t\t\t\t<\/div>\n\t\t\t\t<\/div>\n\t\t\t\t<div class=\"elementor-element elementor-element-b5f6c0f elementor-widget elementor-widget-text-editor\" data-id=\"b5f6c0f\" data-element_type=\"widget\" data-widget_type=\"text-editor.default\">\n\t\t\t\t<div class=\"elementor-widget-container\">\n\t\t\t\t\t\t\t<p>O V2B processa grande volume de informa\u00e7\u00f5es gerenciais e entrega an\u00e1lises precisas em forma de gr\u00e1ficos, relat\u00f3rios e pain\u00e9is din\u00e2micos.<\/p>\t\t\t\t\t\t<\/div>\n\t\t\t\t<\/div>\n\t\t\t\t\t<\/div>\n\t\t<\/div>\n\t\t\t\t<div class=\"elementor-column elementor-col-50 elementor-top-column elementor-element elementor-element-92d27a3\" data-id=\"92d27a3\" data-element_type=\"column\">\n\t\t\t<div class=\"elementor-widget-wrap elementor-element-populated\">\n\t\t\t\t\t\t\t\t<section class=\"elementor-section elementor-inner-section elementor-element elementor-element-210b2d9 elementor-section-boxed elementor-section-height-default elementor-section-height-default\" data-id=\"210b2d9\" data-element_type=\"section\">\n\t\t\t\t\t\t<div class=\"elementor-container elementor-column-gap-extended\">\n\t\t\t\t\t<div class=\"elementor-column elementor-col-50 elementor-inner-column elementor-element elementor-element-69d554c\" data-id=\"69d554c\" data-element_type=\"column\">\n\t\t\t<div class=\"elementor-widget-wrap elementor-element-populated\">\n\t\t\t\t\t\t\t\t<div class=\"elementor-element elementor-element-f124e79 elementor-position-left elementor-vertical-align-top elementor-widget elementor-widget-image-box\" data-id=\"f124e79\" data-element_type=\"widget\" data-widget_type=\"image-box.default\">\n\t\t\t\t<div class=\"elementor-widget-container\">\n\t\t\t<div class=\"elementor-image-box-wrapper\"><div class=\"elementor-image-box-content\"><h4 class=\"elementor-image-box-title\">Dashboard customiz\u00e1vel<\/h4><p class=\"elementor-image-box-description\">Os KPIs mais relevantes para seu neg\u00f3cio em um arranjo visual desenhado para acelerar o processo de intelig\u00eancia da informa\u00e7\u00e3o<\/p><\/div><\/div>\t\t<\/div>\n\t\t\t\t<\/div>\n\t\t\t\t\t<\/div>\n\t\t<\/div>\n\t\t\t\t<div class=\"elementor-column elementor-col-50 elementor-inner-column elementor-element elementor-element-2e925ef\" data-id=\"2e925ef\" data-element_type=\"column\">\n\t\t\t<div class=\"elementor-widget-wrap elementor-element-populated\">\n\t\t\t\t\t\t\t\t<div class=\"elementor-element elementor-element-716896a elementor-position-left elementor-vertical-align-top elementor-widget elementor-widget-image-box\" data-id=\"716896a\" data-element_type=\"widget\" data-widget_type=\"image-box.default\">\n\t\t\t\t<div class=\"elementor-widget-container\">\n\t\t\t<div class=\"elementor-image-box-wrapper\"><div class=\"elementor-image-box-content\"><h4 class=\"elementor-image-box-title\">Segmenta\u00e7\u00e3o de perfis<\/h4><p class=\"elementor-image-box-description\">Conhe\u00e7a melhor seu cliente, mapeie seu comportamento acumulado de compras. Cruze dados como valor e frequ\u00eancia de compras. Descubra perfis \u00e0 partir de v\u00e1rios outros filtros <\/p><\/div><\/div>\t\t<\/div>\n\t\t\t\t<\/div>\n\t\t\t\t\t<\/div>\n\t\t<\/div>\n\t\t\t\t\t\t\t<\/div>\n\t\t<\/section>\n\t\t\t\t<section class=\"elementor-section elementor-inner-section elementor-element elementor-element-ff17e59 elementor-section-boxed elementor-section-height-default elementor-section-height-default\" data-id=\"ff17e59\" data-element_type=\"section\">\n\t\t\t\t\t\t<div class=\"elementor-container elementor-column-gap-extended\">\n\t\t\t\t\t<div class=\"elementor-column elementor-col-50 elementor-inner-column elementor-element elementor-element-256eade\" data-id=\"256eade\" data-element_type=\"column\">\n\t\t\t<div class=\"elementor-widget-wrap elementor-element-populated\">\n\t\t\t\t\t\t\t\t<div class=\"elementor-element elementor-element-8fdeb4a elementor-position-left elementor-vertical-align-top elementor-widget elementor-widget-image-box\" data-id=\"8fdeb4a\" data-element_type=\"widget\" data-widget_type=\"image-box.default\">\n\t\t\t\t<div class=\"elementor-widget-container\">\n\t\t\t<div class=\"elementor-image-box-wrapper\"><div class=\"elementor-image-box-content\"><h4 class=\"elementor-image-box-title\">Alertas inteligentes<\/h4><p class=\"elementor-image-box-description\">Sua equipe receber\u00e1 notifica\u00e7\u00f5es em forma de alertas sempre que houver comportamentos fora do padr\u00e3o no processo (ex. queda de ticket de um cliente), podendo agir prontamente para respond\u00ea-los.<\/p><\/div><\/div>\t\t<\/div>\n\t\t\t\t<\/div>\n\t\t\t\t\t<\/div>\n\t\t<\/div>\n\t\t\t\t<div class=\"elementor-column elementor-col-50 elementor-inner-column elementor-element elementor-element-cdd2e2c\" data-id=\"cdd2e2c\" data-element_type=\"column\">\n\t\t\t<div class=\"elementor-widget-wrap elementor-element-populated\">\n\t\t\t\t\t\t\t\t<div class=\"elementor-element elementor-element-543c402 elementor-position-left elementor-vertical-align-top elementor-widget elementor-widget-image-box\" data-id=\"543c402\" data-element_type=\"widget\" data-widget_type=\"image-box.default\">\n\t\t\t\t<div class=\"elementor-widget-container\">\n\t\t\t<div class=\"elementor-image-box-wrapper\"><div class=\"elementor-image-box-content\"><h4 class=\"elementor-image-box-title\">Foco na usabilidade <\/h4><p class=\"elementor-image-box-description\">Interface intuitiva, facilidade em criar usu\u00e1rios e carga de dados simplificada fazem do V2B uma excelente op\u00e7\u00e3o para empresas que desejam implementar Data Analytics com o melhor custo benef\u00edcio do mercado<\/p><\/div><\/div>\t\t<\/div>\n\t\t\t\t<\/div>\n\t\t\t\t\t<\/div>\n\t\t<\/div>\n\t\t\t\t\t\t\t<\/div>\n\t\t<\/section>\n\t\t\t\t\t<\/div>\n\t\t<\/div>\n\t\t\t\t\t\t\t<\/div>\n\t\t<\/section>\n\t\t\t\t\t\t\t<\/div>\n\t\t<\/div><\/div>","protected":false},"excerpt":{"rendered":"<p>Recursos O V2B \u00e9 um SaaS baseado em Qlik capaz de realizar an\u00e1lises completas para diversas \u00e1reas gerenciais de forma r\u00e1pida e inteligente, por meio de gr\u00e1ficos e relat\u00f3rios visuais precisos. Data Analytics descomplicado O V2B processa grande volume de informa\u00e7\u00f5es gerenciais e entrega an\u00e1lises precisas em forma de gr\u00e1ficos, relat\u00f3rios e pain\u00e9is din\u00e2micos. Dashboard customiz\u00e1vel Os KPIs mais relevantes para seu neg\u00f3cio em um arranjo visual desenhado para acelerar o processo de intelig\u00eancia da informa\u00e7\u00e3o Segmenta\u00e7\u00e3o de perfis Conhe\u00e7a melhor seu cliente, mapeie seu comportamento acumulado de compras. Cruze dados como valor e frequ\u00eancia de compras. Descubra perfis \u00e0 partir de v\u00e1rios outros filtros Alertas inteligentes Sua equipe receber\u00e1 notifica\u00e7\u00f5es em forma de alertas sempre que houver comportamentos fora do padr\u00e3o no processo (ex. queda de ticket de um cliente), podendo agir prontamente para respond\u00ea-los. Foco na usabilidade Interface intuitiva, facilidade em criar usu\u00e1rios e carga de dados simplificada&hellip;<\/p>\n<p> <a class=\"more-link\" href=\"https:\/\/www.v2btecnologia.com.br\/website\/recursos\/\">Leia mais<\/a><\/p>\n","protected":false},"author":1,"featured_media":0,"parent":0,"menu_order":2,"comment_status":"closed","ping_status":"open","template":"elementor_header_footer","meta":{"footnotes":""},"class_list":["post-53","page","type-page","status-publish"],"aioseo_notices":[],"_links":{"self":[{"href":"https:\/\/www.v2btecnologia.com.br\/website\/wp-json\/wp\/v2\/pages\/53","targetHints":{"allow":["GET"]}}],"collection":[{"href":"https:\/\/www.v2btecnologia.com.br\/website\/wp-json\/wp\/v2\/pages"}],"about":[{"href":"https:\/\/www.v2btecnologia.com.br\/website\/wp-json\/wp\/v2\/types\/page"}],"author":[{"embeddable":true,"href":"https:\/\/www.v2btecnologia.com.br\/website\/wp-json\/wp\/v2\/users\/1"}],"replies":[{"embeddable":true,"href":"https:\/\/www.v2btecnologia.com.br\/website\/wp-json\/wp\/v2\/comments?post=53"}],"version-history":[{"count":54,"href":"https:\/\/www.v2btecnologia.com.br\/website\/wp-json\/wp\/v2\/pages\/53\/revisions"}],"predecessor-version":[{"id":13026,"href":"https:\/\/www.v2btecnologia.com.br\/website\/wp-json\/wp\/v2\/pages\/53\/revisions\/13026"}],"wp:attachment":[{"href":"https:\/\/www.v2btecnologia.com.br\/website\/wp-json\/wp\/v2\/media?parent=53"}],"curies":[{"name":"wp","href":"https:\/\/api.w.org\/{rel}","templated":true}]}}